{"id":27109,"date":"2025-10-11T11:00:51","date_gmt":"2025-10-11T09:00:51","guid":{"rendered":"https:\/\/oikoscasa.com\/ueber-uns\/"},"modified":"2025-11-19T21:38:55","modified_gmt":"2025-11-19T20:38:55","slug":"ueber-uns","status":"publish","type":"page","link":"https:\/\/oikoscasa.com\/de\/ueber-uns\/","title":{"rendered":"\u00dcber uns"},"content":{"rendered":"\t\t<div data-elementor-type=\"wp-page\" data-elementor-id=\"27109\" class=\"elementor elementor-27109 elementor-25498\" data-elementor-settings=\"{&quot;ha_cmc_init_switcher&quot;:&quot;no&quot;}\" data-elementor-post-type=\"page\">\n\t\t\t\t<div class=\"elementor-element elementor-element-62a4a90 e-flex e-con-boxed e-con e-parent\" data-id=\"62a4a90\" data-element_type=\"container\" data-e-type=\"container\" data-settings=\"{&quot;background_background&quot;:&quot;classic&quot;,&quot;_ha_eqh_enable&quot;:false}\">\n\t\t\t\t\t<div class=\"e-con-inner\">\n\t\t\t\t<div class=\"elementor-element elementor-element-0578a3c elementor-widget elementor-widget-heading\" data-id=\"0578a3c\" data-element_type=\"widget\" data-e-type=\"widget\" data-widget_type=\"heading.default\">\n\t\t\t\t\t<h2 class=\"elementor-heading-title elementor-size-default\">WER WIR SIND<\/h2>\t\t\t\t<\/div>\n\t\t\t\t\t<\/div>\n\t\t\t\t<\/div>\n\t\t<div class=\"elementor-element elementor-element-537b636 e-flex e-con-boxed e-con e-parent\" data-id=\"537b636\" data-element_type=\"container\" data-e-type=\"container\" data-settings=\"{&quot;_ha_eqh_enable&quot;:false}\">\n\t\t\t\t\t<div class=\"e-con-inner\">\n\t\t\t\t<div class=\"elementor-element elementor-element-17c8fb1 elementor-widget elementor-widget-eael-breadcrumbs\" data-id=\"17c8fb1\" data-element_type=\"widget\" data-e-type=\"widget\" data-widget_type=\"eael-breadcrumbs.default\">\n\t\t\t\t<div class=\"elementor-widget-container\">\n\t\t\t\t\t\t\t<div class=\"eael-breadcrumbs\">\n\t\t\t\t\t\t<div class=\"eael-breadcrumbs__prefix\">\n\t\t\t\t<a href=\"https:\/\/oikoscasa.com\/de\/\" class=\"eael-breadcrumbs__prefix-link\"><svg aria-hidden=\"true\" class=\"e-font-icon-svg e-fas-home\" viewBox=\"0 0 576 512\" xmlns=\"http:\/\/www.w3.org\/2000\/svg\"><path d=\"M280.37 148.26L96 300.11V464a16 16 0 0 0 16 16l112.06-.29a16 16 0 0 0 15.92-16V368a16 16 0 0 1 16-16h64a16 16 0 0 1 16 16v95.64a16 16 0 0 0 16 16.05L464 480a16 16 0 0 0 16-16V300L295.67 148.26a12.19 12.19 0 0 0-15.3 0zM571.6 251.47L488 182.56V44.05a12 12 0 0 0-12-12h-56a12 12 0 0 0-12 12v72.61L318.47 43a48 48 0 0 0-61 0L4.34 251.47a12 12 0 0 0-1.6 16.9l25.5 31A12 12 0 0 0 45.15 301l235.22-193.74a12.19 12.19 0 0 1 15.3 0L530.9 301a12 12 0 0 0 16.9-1.6l25.5-31a12 12 0 0 0-1.7-16.93z\"><\/path><\/svg><\/a>\t\t\t<\/a>\n\t\t\t<\/div>\n\t\t\t<div class=\"eael-breadcrumbs__content\"><a href=\"https:\/\/oikoscasa.com\/de\/\">Home<\/a> <span class=\"eael-breadcrumb-separator\">|<\/span> <span class = \"eael-current\">Seite<\/span><\/div>\t\t<\/div>\n\t\t\t\t\t\t<\/div>\n\t\t\t\t<\/div>\n\t\t\t\t<div class=\"elementor-element elementor-element-2f80fd2 elementor-widget elementor-widget-spacer\" data-id=\"2f80fd2\" data-element_type=\"widget\" data-e-type=\"widget\" data-widget_type=\"spacer.default\">\n\t\t\t\t\t\t\t<div class=\"elementor-spacer\">\n\t\t\t<div class=\"elementor-spacer-inner\"><\/div>\n\t\t<\/div>\n\t\t\t\t\t\t<\/div>\n\t\t\t\t<div class=\"elementor-element elementor-element-1f2e3f3 elementor-widget elementor-widget-heading\" data-id=\"1f2e3f3\" data-element_type=\"widget\" data-e-type=\"widget\" data-widget_type=\"heading.default\">\n\t\t\t\t\t<h2 class=\"elementor-heading-title elementor-size-default\">Seit \u00fcber 20 Jahren Ihr Bezugspunkt am Gardasee.<\/h2>\t\t\t\t<\/div>\n\t\t\t\t<div class=\"elementor-element elementor-element-696597e elementor-button-info elementor-align-center elementor-widget elementor-widget-button\" data-id=\"696597e\" data-element_type=\"widget\" data-e-type=\"widget\" data-widget_type=\"button.default\">\n\t\t\t\t\t\t\t\t\t\t<a class=\"elementor-button elementor-button-link elementor-size-sm\" href=\"https:\/\/oikoscasa.com\/de\/kontakt\/\">\n\t\t\t\t\t\t<span class=\"elementor-button-content-wrapper\">\n\t\t\t\t\t\t\t\t\t<span class=\"elementor-button-text\">KONTAKT US<\/span>\n\t\t\t\t\t<\/span>\n\t\t\t\t\t<\/a>\n\t\t\t\t\t\t\t\t<\/div>\n\t\t\t\t<div class=\"elementor-element elementor-element-2ed8ddb elementor-widget elementor-widget-text-editor\" data-id=\"2ed8ddb\" data-element_type=\"widget\" data-e-type=\"widget\" data-widget_type=\"text-editor.default\">\n\t\t\t\t\t\t\t\t\t<p><strong>OIKOS Immobiliare<\/strong> ist eine gefestigte Realit\u00e4t am Gardasee, mit <strong>\u00fcber 20 Jahren Erfahrung<\/strong> im Bereich Kauf und Verkauf. Wir bieten <strong>pr\u00e4zise Sch\u00e4tzungen <\/strong><strong>, qualifizierte<\/strong> <strong>Beratung <\/strong><strong>und einen umfassenden Service<\/strong>, der in jeder Phase Professionalit\u00e4t und Transparenz garantiert.<br>Unser B\u00fcro befindet sich im Herzen von Desenzano, einem idealen Ausgangspunkt, um den lokalen Markt und die wichtigsten Gardasee-Resorts fachkundig zu beobachten. <br>Unser Ziel ist es, einen Mehrwert f\u00fcr diejenigen zu schaffen, die eine Immobilie verkaufen oder kaufen m\u00f6chten, mit der Sicherheit eines zuverl\u00e4ssigen Partners. <br><\/p>\t\t\t\t\t\t\t\t<\/div>\n\t\t\t\t<div class=\"elementor-element elementor-element-c39c723 elementor-widget elementor-widget-spacer\" data-id=\"c39c723\" data-element_type=\"widget\" data-e-type=\"widget\" data-widget_type=\"spacer.default\">\n\t\t\t\t\t\t\t<div class=\"elementor-spacer\">\n\t\t\t<div class=\"elementor-spacer-inner\"><\/div>\n\t\t<\/div>\n\t\t\t\t\t\t<\/div>\n\t\t\t\t<div class=\"elementor-element elementor-element-961dd69 elementor-widget elementor-widget-heading\" data-id=\"961dd69\" data-element_type=\"widget\" data-e-type=\"widget\" data-widget_type=\"heading.default\">\n\t\t\t\t\t<h2 class=\"elementor-heading-title elementor-size-default\">Unsere Werte<\/h2>\t\t\t\t<\/div>\n\t\t<div class=\"elementor-element elementor-element-16903c0 e-con-full e-flex e-con e-child\" data-id=\"16903c0\" data-element_type=\"container\" data-e-type=\"container\" data-settings=\"{&quot;_ha_eqh_enable&quot;:false}\">\n\t\t<div class=\"elementor-element elementor-element-d423396 e-con-full e-flex e-con e-child\" data-id=\"d423396\" data-element_type=\"container\" data-e-type=\"container\" data-settings=\"{&quot;_ha_eqh_enable&quot;:false}\">\n\t\t\t\t<div class=\"elementor-element elementor-element-5ae883c elementor-widget elementor-widget-heading\" data-id=\"5ae883c\" data-element_type=\"widget\" data-e-type=\"widget\" data-widget_type=\"heading.default\">\n\t\t\t\t\t<h3 class=\"elementor-heading-title elementor-size-default\">Transparenz<\/h3>\t\t\t\t<\/div>\n\t\t\t\t<div class=\"elementor-element elementor-element-4162376 elementor-widget elementor-widget-text-editor\" data-id=\"4162376\" data-element_type=\"widget\" data-e-type=\"widget\" data-widget_type=\"text-editor.default\">\n\t\t\t\t\t\t\t\t\t<p>Klare Kommunikation, keine \u00dcberraschungen.<\/p>\t\t\t\t\t\t\t\t<\/div>\n\t\t\t\t<\/div>\n\t\t<div class=\"elementor-element elementor-element-52f9c77 e-con-full e-flex e-con e-child\" data-id=\"52f9c77\" data-element_type=\"container\" data-e-type=\"container\" data-settings=\"{&quot;_ha_eqh_enable&quot;:false}\">\n\t\t\t\t<div class=\"elementor-element elementor-element-88a4d67 elementor-widget elementor-widget-heading\" data-id=\"88a4d67\" data-element_type=\"widget\" data-e-type=\"widget\" data-widget_type=\"heading.default\">\n\t\t\t\t\t<h3 class=\"elementor-heading-title elementor-size-default\">Professionalit\u00e4t<\/h3>\t\t\t\t<\/div>\n\t\t\t\t<div class=\"elementor-element elementor-element-b474d8d elementor-widget elementor-widget-text-editor\" data-id=\"b474d8d\" data-element_type=\"widget\" data-e-type=\"widget\" data-widget_type=\"text-editor.default\">\n\t\t\t\t\t\t\t\t\t<p>Erfahrung und Fachwissen im Dienste des Kunden.<\/p>\t\t\t\t\t\t\t\t<\/div>\n\t\t\t\t<\/div>\n\t\t<div class=\"elementor-element elementor-element-b836d41 e-con-full e-flex e-con e-child\" data-id=\"b836d41\" data-element_type=\"container\" data-e-type=\"container\" data-settings=\"{&quot;_ha_eqh_enable&quot;:false}\">\n\t\t\t\t<div class=\"elementor-element elementor-element-9129141 elementor-widget elementor-widget-heading\" data-id=\"9129141\" data-element_type=\"widget\" data-e-type=\"widget\" data-widget_type=\"heading.default\">\n\t\t\t\t\t<h3 class=\"elementor-heading-title elementor-size-default\">Anh\u00f6ren<\/h3>\t\t\t\t<\/div>\n\t\t\t\t<div class=\"elementor-element elementor-element-0dae864 elementor-widget elementor-widget-text-editor\" data-id=\"0dae864\" data-element_type=\"widget\" data-e-type=\"widget\" data-widget_type=\"text-editor.default\">\n\t\t\t\t\t\t\t\t\t<p>Verst\u00e4ndnis braucht, um ma\u00dfgeschneiderte L\u00f6sungen anzubieten.<\/p>\t\t\t\t\t\t\t\t<\/div>\n\t\t\t\t<\/div>\n\t\t<div class=\"elementor-element elementor-element-3cbd101 e-con-full e-flex e-con e-child\" data-id=\"3cbd101\" data-element_type=\"container\" data-e-type=\"container\" data-settings=\"{&quot;_ha_eqh_enable&quot;:false}\">\n\t\t\t\t<div class=\"elementor-element elementor-element-b197249 elementor-widget elementor-widget-heading\" data-id=\"b197249\" data-element_type=\"widget\" data-e-type=\"widget\" data-widget_type=\"heading.default\">\n\t\t\t\t\t<h3 class=\"elementor-heading-title elementor-size-default\">Leidenschaft<\/h3>\t\t\t\t<\/div>\n\t\t\t\t<div class=\"elementor-element elementor-element-939b9a3 elementor-widget elementor-widget-text-editor\" data-id=\"939b9a3\" data-element_type=\"widget\" data-e-type=\"widget\" data-widget_type=\"text-editor.default\">\n\t\t\t\t\t\t\t\t\t<p>Ein echtes Engagement, um jedem Immobilienprojekt einen Mehrwert zu verleihen.<\/p>\t\t\t\t\t\t\t\t<\/div>\n\t\t\t\t<\/div>\n\t\t\t\t<\/div>\n\t\t\t\t\t<\/div>\n\t\t\t\t<\/div>\n\t\t<div class=\"elementor-element elementor-element-c52e169 e-flex e-con-boxed e-con e-parent\" data-id=\"c52e169\" data-element_type=\"container\" data-e-type=\"container\" data-settings=\"{&quot;_ha_eqh_enable&quot;:false}\">\n\t\t\t\t\t<div class=\"e-con-inner\">\n\t\t\t\t<div class=\"elementor-element elementor-element-95d490b elementor-button-info elementor-align-center elementor-widget elementor-widget-button\" data-id=\"95d490b\" data-element_type=\"widget\" data-e-type=\"widget\" data-widget_type=\"button.default\">\n\t\t\t\t\t\t\t\t\t\t<a class=\"elementor-button elementor-button-link elementor-size-sm\" href=\"https:\/\/oikoscasa.com\/de\/dienstleistungen\/\">\n\t\t\t\t\t\t<span class=\"elementor-button-content-wrapper\">\n\t\t\t\t\t\t\t\t\t<span class=\"elementor-button-text\">FINDEN SIE HERAUS, WIE WIR IHNEN HELFEN K\u00d6NNEN<\/span>\n\t\t\t\t\t<\/span>\n\t\t\t\t\t<\/a>\n\t\t\t\t\t\t\t\t<\/div>\n\t\t\t\t\t<\/div>\n\t\t\t\t<\/div>\n\t\t<div class=\"elementor-element elementor-element-1d1aafd e-flex e-con-boxed e-con e-parent\" data-id=\"1d1aafd\" data-element_type=\"container\" data-e-type=\"container\" data-settings=\"{&quot;_ha_eqh_enable&quot;:false}\">\n\t\t\t\t\t<div class=\"e-con-inner\">\n\t\t\t\t<div class=\"elementor-element elementor-element-6151833 elementor-widget elementor-widget-spacer\" data-id=\"6151833\" data-element_type=\"widget\" data-e-type=\"widget\" data-widget_type=\"spacer.default\">\n\t\t\t\t\t\t\t<div class=\"elementor-spacer\">\n\t\t\t<div class=\"elementor-spacer-inner\"><\/div>\n\t\t<\/div>\n\t\t\t\t\t\t<\/div>\n\t\t\t\t\t<\/div>\n\t\t\t\t<\/div>\n\t\t\t\t<\/div>\n\t\t","protected":false},"excerpt":{"rendered":"<p>WER WIR SIND Home | Seit \u00fcber 20 Jahren Ihr Bezugspunkt am Gardasee. KONTAKT US OIKOS Immobiliare ist eine gefestigte Realit\u00e4t am Gardasee, mit \u00fcber 20 Jahren Erfahrung im Bereich Kauf und Verkauf. Wir bieten pr\u00e4zise Sch\u00e4tzungen , qualifizierte Beratung und einen umfassenden Service, der in jeder Phase Professionalit\u00e4t und Transparenz garantiert.Unser B\u00fcro befindet sich [&hellip;]<\/p>\n","protected":false},"author":2,"featured_media":0,"parent":0,"menu_order":0,"comment_status":"closed","ping_status":"closed","template":"elementor_header_footer","meta":{"footnotes":""},"class_list":["post-27109","page","type-page","status-publish","hentry"],"_links":{"self":[{"href":"https:\/\/oikoscasa.com\/de\/wp-json\/wp\/v2\/pages\/27109","targetHints":{"allow":["GET"]}}],"collection":[{"href":"https:\/\/oikoscasa.com\/de\/wp-json\/wp\/v2\/pages"}],"about":[{"href":"https:\/\/oikoscasa.com\/de\/wp-json\/wp\/v2\/types\/page"}],"author":[{"embeddable":true,"href":"https:\/\/oikoscasa.com\/de\/wp-json\/wp\/v2\/users\/2"}],"replies":[{"embeddable":true,"href":"https:\/\/oikoscasa.com\/de\/wp-json\/wp\/v2\/comments?post=27109"}],"version-history":[{"count":0,"href":"https:\/\/oikoscasa.com\/de\/wp-json\/wp\/v2\/pages\/27109\/revisions"}],"wp:attachment":[{"href":"https:\/\/oikoscasa.com\/de\/wp-json\/wp\/v2\/media?parent=27109"}],"curies":[{"name":"wp","href":"https:\/\/api.w.org\/{rel}","templated":true}]}}