{"id":27209,"date":"2025-09-24T14:13:30","date_gmt":"2025-09-24T12:13:30","guid":{"rendered":"https:\/\/oikoscasa.com\/suchergebnisse\/"},"modified":"2025-11-01T11:09:42","modified_gmt":"2025-11-01T10:09:42","slug":"suchergebnisse","status":"publish","type":"page","link":"https:\/\/oikoscasa.com\/de\/suchergebnisse\/","title":{"rendered":"Suchergebnisse"},"content":{"rendered":"\t\t<div data-elementor-type=\"wp-page\" data-elementor-id=\"27209\" class=\"elementor elementor-27209 elementor-25334\" data-elementor-settings=\"{&quot;ha_cmc_init_switcher&quot;:&quot;no&quot;}\" data-elementor-post-type=\"page\">\n\t\t\t\t<div class=\"elementor-element elementor-element-c5d9771 e-con-full e-flex e-con e-parent\" data-id=\"c5d9771\" data-element_type=\"container\" data-e-type=\"container\" data-settings=\"{&quot;background_background&quot;:&quot;classic&quot;,&quot;_ha_eqh_enable&quot;:false}\">\n\t\t\t\t<div class=\"elementor-element elementor-element-46fdf73 elementor-widget elementor-widget-heading\" data-id=\"46fdf73\" data-element_type=\"widget\" data-e-type=\"widget\" data-widget_type=\"heading.default\">\n\t\t\t\t\t<h2 class=\"elementor-heading-title elementor-size-default\">Vorschl\u00e4ge f\u00fcr Immobilien<\/h2>\t\t\t\t<\/div>\n\t\t\t\t<\/div>\n\t\t<div class=\"elementor-element elementor-element-6f2f742 e-flex e-con-boxed e-con e-parent\" data-id=\"6f2f742\" data-element_type=\"container\" data-e-type=\"container\" data-settings=\"{&quot;_ha_eqh_enable&quot;:false}\">\n\t\t\t\t\t<div class=\"e-con-inner\">\n\t\t\t\t<div class=\"elementor-element elementor-element-4d56818 elementor-widget elementor-widget-spacer\" data-id=\"4d56818\" data-element_type=\"widget\" data-e-type=\"widget\" data-widget_type=\"spacer.default\">\n\t\t\t\t\t\t\t<div class=\"elementor-spacer\">\n\t\t\t<div class=\"elementor-spacer-inner\"><\/div>\n\t\t<\/div>\n\t\t\t\t\t\t<\/div>\n\t\t\t\t<div class=\"elementor-element elementor-element-4e5f292 titolo-dinamico elementor-widget elementor-widget-heading\" data-id=\"4e5f292\" data-element_type=\"widget\" data-e-type=\"widget\" data-widget_type=\"heading.default\">\n\t\t\t\t\t<h2 class=\"elementor-heading-title elementor-size-default\">F\u00fcgen Sie hier den Titeltext ein.<\/h2>\t\t\t\t<\/div>\n\t\t\t\t<div class=\"elementor-element elementor-element-561ed55 elementor-widget elementor-widget-spacer\" data-id=\"561ed55\" data-element_type=\"widget\" data-e-type=\"widget\" data-widget_type=\"spacer.default\">\n\t\t\t\t\t\t\t<div class=\"elementor-spacer\">\n\t\t\t<div class=\"elementor-spacer-inner\"><\/div>\n\t\t<\/div>\n\t\t\t\t\t\t<\/div>\n\t\t\t\t<div class=\"elementor-element elementor-element-39886e4 elementor-widget elementor-widget-heading\" data-id=\"39886e4\" data-element_type=\"widget\" data-e-type=\"widget\" data-widget_type=\"heading.default\">\n\t\t\t\t\t<h2 class=\"elementor-heading-title elementor-size-default\">Suchergebnisse<\/h2>\t\t\t\t<\/div>\n\t\t\t\t<div class=\"elementor-element elementor-element-c69c534 elementor-widget elementor-widget-shortcode\" data-id=\"c69c534\" data-element_type=\"widget\" data-e-type=\"widget\" data-widget_type=\"shortcode.default\">\n\t\t\t\t\t\t\t<div class=\"elementor-shortcode\"> <div class=\"ich-settings-main-wrap\" data-autoscroll=\"enable\">\n<section id=\"rem-search-box\" class=\"rem-search-form-wrap no-margin search-property-page \">\n\t<form data-resselector=\"\" class=\"search-property-form\" action=\"\" method=\"get\" id=\"search-property\" data-ajaxurl=\"https:\/\/oikoscasa.com\/wp-admin\/admin-ajax.php\" data-offset=\"15\">\n\t\t<input type=\"hidden\" name=\"order\" value=\"DESC\"><input type=\"hidden\" name=\"orderby\" value=\"price\u201d results_page=\"><input type=\"hidden\" name=\"lang\" value=\"de\">\t\t<input type=\"hidden\" name=\"action\" value=\"rem_search_property\">\n\t\t<div class=\"search-container rem-search-1 fixed-map auto-complete\">\n\t<div class=\"search-options sample-page\">\n\t\t<div class=\"searcher\">\n\t\t\t<div class=\"row margin-div wcp-eq-height\">\n\n\t\t\t\t\t\t\t\t\n\t\t\t\t\t\t\t\t\t<div class=\"col-sm-6 col-md-3 margin-bottom\">\n\t\t\t\t\t\t<input class=\"form-control\" type=\"text\" name=\"search_property\" id=\"keywords\" placeholder=\"Schl\u00fcsselworte\" \/>\n\t\t\t\t\t<\/div>\n\t\t\t\t\t\t\t\t\n\t\t\t\t\t\t\t\t\t\t<div class=\"col-sm-6 col-md-3 margin-bottom search-field\" data-condition_status=\"false\" data-condition_bound=\"all\" data-condition='[{\"element\":\"property_type\",\"operator\":\"is\",\"value\":\"Attico\"}]'>\n\t\t\t\t\t\t\t<span id=\"span-codice\" data-text=\"Code\"><\/span>\n\t\t\t\t\t\t\t\t\t\t\t\t<select class=\"rem-easydropdown\" data-settings='{\"cutOff\": 5}' name=\"codice\" id=\"codiceshortcode\">\n\t\t\t\t\t\t<option value=\"\">-- Code --<\/option>\n\t\t\t\t\t\t\t<option value=\"100\" >100<\/option><option value=\"101\" >101<\/option><option value=\"103\" >103<\/option><option value=\"104\" >104<\/option><option value=\"156\" >156<\/option><option value=\"170\" >170<\/option><option value=\"172\" >172<\/option><option value=\"176\" >176<\/option><option value=\"177\" >177<\/option><option value=\"190\" >190<\/option><option value=\"202\" >202<\/option><option value=\"207\" >207<\/option><option value=\"227\" >227<\/option><option value=\"228\" >228<\/option><option value=\"229\" >229<\/option><option value=\"239\" >239<\/option><option value=\"240\" >240<\/option><option value=\"241\" >241<\/option><option value=\"253\" >253<\/option><option value=\"286\" >286<\/option><option value=\"290\" >290<\/option><option value=\"293\" >293<\/option><option value=\"294\" >294<\/option><option value=\"296\" >296<\/option><option value=\"297\" >297<\/option><option value=\"298\" >298<\/option><option value=\"301\" >301<\/option><option value=\"302\" >302<\/option><option value=\"304\" >304<\/option><option value=\"308\" >308<\/option><option value=\"309\" >309<\/option><option value=\"311\" >311<\/option><option value=\"312\" >312<\/option><option value=\"313\" >313<\/option><option value=\"316\" >316<\/option><option value=\"317\" >317<\/option><option value=\"319\" >319<\/option><option value=\"320\" >320<\/option><option value=\"325\" >325<\/option><option value=\"343\" >343<\/option><option value=\"344\" >344<\/option><option value=\"383\" >383<\/option><option value=\"384\" >384<\/option><option value=\"385\" >385<\/option><option value=\"387\" >387<\/option><option value=\"964\" >964<\/option><option value=\"965\" >965<\/option><option value=\"966\" >966<\/option><option value=\"967\" >967<\/option><option value=\"968\" >968<\/option><option value=\"969\" >969<\/option><option value=\"970\" >970<\/option><option value=\"971\" >971<\/option><option value=\"972\" >972<\/option><option value=\"973\" >973<\/option><option value=\"974\" >974<\/option><option value=\"975\" >975<\/option><option value=\"976\" >976<\/option><option value=\"977\" >977<\/option><option value=\"978\" >978<\/option><option value=\"979\" >979<\/option><option value=\"981\" >981<\/option><option value=\"984\" >984<\/option><option value=\"986\" >986<\/option><option value=\"987\" >987<\/option><option value=\"988\" >988<\/option><option value=\"989\" >989<\/option><option value=\"990\" >990<\/option><option value=\"991\" >991<\/option><option value=\"992\" >992<\/option><option value=\"993\" >993<\/option><option value=\"995\" >995<\/option><option value=\"996\" >996<\/option><option value=\"997\" >997<\/option><option value=\"998\" >998<\/option>\t\t\t\t\t<\/select>\n\t\t        \t\t        \t\t\t\t\t\t\t<\/div>\n\t\t\t\t\t\t\t\t\t\t\t<div class=\"col-sm-6 col-md-3 margin-bottom search-field\" data-condition_status=\"false\" data-condition_bound=\"all\" data-condition='[{\"element\":\"property_type\",\"operator\":\"is\",\"value\":\"Attico\"}]'>\n\t\t\t\t\t\t\t<span id=\"span-property_type\" data-text=\"Art der Immobilie\"><\/span>\n\t\t\t\t\t\t\t\t\t<select class=\"rem-easydropdown\" data-settings='{\"cutOff\": 5}' name=\"property_type\" id=\"property_typeshortcode\">\n\t\t\t<option value=\"\">-- Art der Immobilie --<\/option>\n\t\t\t\t<option value=\"Attico\" >Penthouse<\/option><option value=\"Bar\" >Bar<\/option><option value=\"Zwei-Zimmer-Wohnung\" >Zwei-Zimmer-Wohnung<\/option><option value=\"Capannone\" >Schuppen<\/option><option value=\"Casa indipendente\" >Freistehendes Haus<\/option><option value=\"Hotel\" >Hotels<\/option><option value=\"Monolocale\" >Ein-Zimmer-Wohnung<\/option><option value=\"Negozio\" >Negozio<\/option><option value=\"Pentalocale\" >Pentalocale<\/option><option value=\"Quadrilocale\" >Vier-Zimmer-Wohnung<\/option><option value=\"Ristorante\" >Ristorante<\/option><option value=\"Rustico\" >Rustikal<\/option><option value=\"Terreno\" >Land<\/option><option value=\"Trilocale\" >Drei-Zimmer-Wohnung<\/option><option value=\"Ufficio\" >B\u00fcro<\/option><option value=\"Villa a schiera\" >Reihenhaus-Villa<\/option><option value=\"Villa bifamiliare\" >Doppelhaush\u00e4lfte Villa<\/option><option value=\"Villa singola\" >Freistehende Villa<\/option><option value=\"Garage\/box\" >Garage\/box<\/option>\t\t<\/select>\n\t\t\t\t\t\t\t\t<\/div>\n\t\t\t\t\t\t\t\t\t\t\t<div class=\"col-sm-6 col-md-3 margin-bottom search-field\" data-condition_status=\"false\" data-condition_bound=\"all\" data-condition='[{\"element\":\"property_type\",\"operator\":\"is\",\"value\":\"Attico\"}]'>\n\t\t\t\t\t\t\t<span id=\"span-property_use\" data-text=\"Destinazione d'uso\"><\/span>\n\t\t\t\t\t\t\t\t\t<select class=\"rem-easydropdown\" data-settings='{\"cutOff\": 5}' name=\"property_use\" id=\"property_useshortcode\">\n\t\t\t<option value=\"\">-- Destinazione d'uso --<\/option>\n\t\t\t\t<option value=\"Residenziale\" >Wohnsitz<\/option><option value=\"Commerciale\" >Kommerziell<\/option><option value=\"Industriale\" >Industriell<\/option><option value=\"Cessione di azienda\" >\u00dcbertragung des Unternehmens<\/option>\t\t<\/select>\n\t\t\t\t\t\t\t\t<\/div>\n\t\t\t\t\t\t\t\t\t\t\t<div class=\"col-sm-6 col-md-3 margin-bottom search-field\" data-condition_status=\"false\" data-condition_bound=\"all\" data-condition='[{\"element\":\"property_type\",\"operator\":\"is\",\"value\":\"Attico\"}]'>\n\t\t\t\t\t\t\t<span id=\"span-property_stato\" data-text=\"Zustand der Immobilie\"><\/span>\n\t\t\t\t\t\t\t\t\t<select class=\"rem-easydropdown\" data-settings='{\"cutOff\": 5}' name=\"property_stato\" id=\"property_statoshortcode\">\n\t\t\t<option value=\"\">-- Zustand der Immobilie --<\/option>\n\t\t\t\t<option value=\"Buono stato\" >Guter Zustand<\/option><option value=\"Da ristrutturare\" >F\u00fcr die Renovierung<\/option><option value=\"In costruzione\" >In costruzione<\/option><option value=\"Nuovo\" >Nuovo<\/option><option value=\"Recente costruzione\" >Recente costruzione<\/option>\t\t<\/select>\n\t\t\t\t\t\t\t\t<\/div>\n\t\t\t\t\t\t\t\t\t\t\t<div class=\"col-sm-6 col-md-3 margin-bottom search-field\" data-condition_status=\"false\" data-condition_bound=\"all\" data-condition='[{\"element\":\"property_type\",\"operator\":\"is\",\"value\":\"Attico\"}]'>\n\t\t\t\t\t\t\t<span id=\"span-property_area\" data-text=\"Oberfl\u00e4che\"><\/span>\n\t\t\t\t\t\t\t\t\t<select class=\"rem-easydropdown\" data-settings='{\"cutOff\": 5}' name=\"property_area\" id=\"property_area\">\n\t\t\t\t\t\t\t<option value=\"\">-- Oberfl\u00e4che --<\/option>\n\t\t\t\t\t\t<option value=\"50-100\" >50-100\r<\/option><option value=\"100-200\" >100-200\r<\/option><option value=\"200+\" >200+\r<\/option><option value=\"200-300\" >200-300\r<\/option><option value=\"300+\" >300+\r<\/option><option value=\"300-400\" >300-400\r<\/option><option value=\"400+\" >400+<\/option>\t\t<\/select>\n\t\t\t\t\t\t\t<\/div>\n\t\t\t\t\t\t\t\t\t\t\t<div class=\"col-sm-6 col-md-3 margin-bottom search-field\" data-condition_status=\"false\" data-condition_bound=\"all\" data-condition='[{\"element\":\"property_type\",\"operator\":\"is\",\"value\":\"Attico\"}]'>\n\t\t\t\t\t\t\t<span id=\"span-property_rooms\" data-text=\"Anzahl der Zimmer\"><\/span>\n\t\t\t\t\t\t\t\t\t\t\t\t<select class=\"rem-easydropdown\" data-settings='{\"cutOff\": 5}' name=\"property_rooms\" id=\"property_roomsshortcode\">\n\t\t\t\t\t\t<option value=\"\">-- Anzahl der Zimmer --<\/option>\n\t\t\t\t\t\t\t<option value=\"3\" >3<\/option><option value=\"4\" >4<\/option><option value=\"5\" >5<\/option><option value=\"6\" >6<\/option><option value=\"7\" >7<\/option><option value=\"8\" >8<\/option><option value=\"9\" >9<\/option><option value=\"10\" >10<\/option><option value=\"13\" >13<\/option><option value=\"15\" >15<\/option><option value=\"20\" >20<\/option><option value=\"80\" >80<\/option>\t\t\t\t\t<\/select>\n\t\t        \t\t        \t\t\t\t\t\t\t<\/div>\n\t\t\t\t\t\t\t\t\t\t\t<div class=\"col-sm-6 col-md-3 margin-bottom search-field\" data-condition_status=\"false\" data-condition_bound=\"all\" data-condition='[{\"element\":\"property_type\",\"operator\":\"is\",\"value\":\"Attico\"}]'>\n\t\t\t\t\t\t\t<span id=\"span-property_city\" data-text=\"St\u00e4dte\"><\/span>\n\t\t\t\t\t\t\t\t\t<select class=\"rem-easydropdown\" data-settings='{\"cutOff\": 5}' name=\"property_city\" id=\"property_cityshortcode\">\n\t\t\t<option value=\"\">-- St\u00e4dte --<\/option>\n\t\t\t\t<option value=\"Desenzano del Garda\" >Desenzano del Garda<\/option><option value=\"Manerba del Garda\" >Manerba del Garda<\/option><option value=\"Lonato del Garda\" >Lonato del Garda<\/option><option value=\"Padenghe sul Garda\" >Padenghe sul Garda<\/option><option value=\"Carpenedolo\" >Carpenedolo<\/option><option value=\"Soiano del Lago\" >Soiano del Lago<\/option><option value=\"Sirmione\" >Sirmione<\/option><option value=\"Medole\" >Medole<\/option><option value=\"Montichiari\" >Montichiari<\/option><option value=\"Acquafredda\" >Acquafredda<\/option><option value=\"Centenaro\" >Centenaro<\/option><option value=\"Polpenazze sul Garda\" >Polpenazze sul Garda<\/option><option value=\"Pozzolengo\" >Pozzolengo<\/option><option value=\"Carzago della Riviera\" >Carzago della Riviera<\/option><option value=\"Puegnago sul Garda\" >Puegnago sul Garda<\/option><option value=\"Toscolano Maderno\" >Toscolano Maderno<\/option><option value=\"Malcesine\" >Malcesine<\/option><option value=\"Bedizzole\" >Bedizzole<\/option><option value=\"Sanremo\" >Sanremo<\/option><option value=\"Brescia\" >Brescia<\/option><option value=\"Peschiera del Garda\" >Peschiera del Garda<\/option><option value=\"Castiglione delle Stiviere\" >Castiglione delle Stiviere<\/option><option value=\"Ro\u00e8 Volciano\" >Ro\u00e8 Volciano<\/option><option value=\"Asola\" >Asola<\/option><option value=\"Torri del Benaco\" >Torri del Benaco<\/option><option value=\"Moniga del Garda\" >Moniga del Garda<\/option><option value=\"Rovato\" >Rovato<\/option><option value=\"Gussago\" >Gussago<\/option><option value=\"Botticino\" >Botticino<\/option><option value=\"Sal\u00f2\" >Sal\u00f2<\/option><option value=\"Monzambano\" >Monzambano<\/option>\t\t<\/select>\n\t\t\t\t\t\t\t\t<\/div>\n\t\t\t\t\t\t\t\t\t\n\t\t\t\t\n\t\t\t\t\n\t\t\t\t\t\t\t\t\t<div class=\"p-slide-wrap col-sm-6 col-md-3 margin-bottom\">\n\t\t\t\t\t\t\t\t\t\t<div class=\"slider price-range\"><\/div>\n\t\t<div class=\"price-slider price text-center\">\n\t        <span id=\"price-value-min\"><\/span> \n\t        <span class=\"separator\">\n\t        \tPreis\t        \t(&euro;)\n\t        <\/span>\n\t        <span id=\"price-value-max\"><\/span>\n\t    <\/div>\n\t    <input type=\"hidden\" name=\"price_min\" id=\"min-value\">\n\t    <input type=\"hidden\" name=\"price_max\" id=\"max-value\">\n\t\t\t\t\t\t<\/div>\n\t\t\t\t\n\t\t\t\t\n\t\t\t<\/div>\n\t\t\t<div class=\"row filter hide-filter\">\n\t\t\t\t\t\t\t\t\t\t<div class=\"col-xs-6 col-sm-4 col-md-3\">\n\t\t\t\t\t\t\t\t\t\t\t\t\t\t<input class=\"labelauty\" type=\"checkbox\" name=\"detail_cbs[Campo da pallacanestro]\" data-labelauty=\"Basketballplatz\">\n\t\t\t\t\t\t<\/div>\n\t\t\t\t\t\t\t\t\t\t\t<div class=\"col-xs-6 col-sm-4 col-md-3\">\n\t\t\t\t\t\t\t\t\t\t\t\t\t\t<input class=\"labelauty\" type=\"checkbox\" name=\"detail_cbs[Compattatori di rifiuti]\" data-labelauty=\"Deponieverdichter\">\n\t\t\t\t\t\t<\/div>\n\t\t\t\t\t\t\t\t\t\t\t<div class=\"col-xs-6 col-sm-4 col-md-3\">\n\t\t\t\t\t\t\t\t\t\t\t\t\t\t<input class=\"labelauty\" type=\"checkbox\" name=\"detail_cbs[Caminetto]\" data-labelauty=\"Kamin\">\n\t\t\t\t\t\t<\/div>\n\t\t\t\t\t\t\t\t\t\t\t<div class=\"col-xs-6 col-sm-4 col-md-3\">\n\t\t\t\t\t\t\t\t\t\t\t\t\t\t<input class=\"labelauty\" type=\"checkbox\" name=\"detail_cbs[Piscina]\" data-labelauty=\"Schwimmbad\">\n\t\t\t\t\t\t<\/div>\n\t\t\t\t\t\t\t\t\t\t\t<div class=\"col-xs-6 col-sm-4 col-md-3\">\n\t\t\t\t\t\t\t\t\t\t\t\t\t\t<input class=\"labelauty\" type=\"checkbox\" name=\"detail_cbs[Impianto fotovoltaico]\" data-labelauty=\"Fotovoltaikanlage\">\n\t\t\t\t\t\t<\/div>\n\t\t\t\t\t\t\t\t\t\t\t<div class=\"col-xs-6 col-sm-4 col-md-3\">\n\t\t\t\t\t\t\t\t\t\t\t\t\t\t<input class=\"labelauty\" type=\"checkbox\" name=\"detail_cbs[Lucernari]\" data-labelauty=\"Oberlichter\">\n\t\t\t\t\t\t<\/div>\n\t\t\t\t\t\t\t\t\t\t\t<div class=\"col-xs-6 col-sm-4 col-md-3\">\n\t\t\t\t\t\t\t\t\t\t\t\t\t\t<input class=\"labelauty\" type=\"checkbox\" name=\"detail_cbs[Superfici di pietra]\" data-labelauty=\"Steinoberfl\u00e4chen\">\n\t\t\t\t\t\t<\/div>\n\t\t\t\t\t\t\t\t\t\t\t<div class=\"col-xs-6 col-sm-4 col-md-3\">\n\t\t\t\t\t\t\t\t\t\t\t\t\t\t<input class=\"labelauty\" type=\"checkbox\" name=\"detail_cbs[Campo da golf]\" data-labelauty=\"Golfplatz\">\n\t\t\t\t\t\t<\/div>\n\t\t\t\t\t\t\t\t\t\t\t<div class=\"col-xs-6 col-sm-4 col-md-3\">\n\t\t\t\t\t\t\t\t\t\t\t\t\t\t<input class=\"labelauty\" type=\"checkbox\" name=\"detail_cbs[Palestra]\" data-labelauty=\"Gymnasium\">\n\t\t\t\t\t\t<\/div>\n\t\t\t\t\t\t\t\t\t\t\t<div class=\"col-xs-6 col-sm-4 col-md-3\">\n\t\t\t\t\t\t\t\t\t\t\t\t\t\t<input class=\"labelauty\" type=\"checkbox\" name=\"detail_cbs[Cortile]\" data-labelauty=\"Innenhof\">\n\t\t\t\t\t\t<\/div>\n\t\t\t\t\t\t\t\t\t\t\t<div class=\"col-xs-6 col-sm-4 col-md-3\">\n\t\t\t\t\t\t\t\t\t\t\t\t\t\t<input class=\"labelauty\" type=\"checkbox\" name=\"detail_cbs[Animali domestici ammessi]\" data-labelauty=\"Haustiere erlaubt\">\n\t\t\t\t\t\t<\/div>\n\t\t\t\t\t\t\t\t\t\t\t<div class=\"col-xs-6 col-sm-4 col-md-3\">\n\t\t\t\t\t\t\t\t\t\t\t\t\t\t<input class=\"labelauty\" type=\"checkbox\" name=\"detail_cbs[Lavanderia]\" data-labelauty=\"W\u00e4scherei\">\n\t\t\t\t\t\t<\/div>\n\t\t\t\t\t\t\t\t<\/div><!-- .\/filter -->\n\t\t\t<div class=\"margin-div footer\">\n\t\t\t\t\t\t\t\t\t<button type=\"button\" class=\"btn btn-default more-button\">\n\t\t\t\t\t\tWeitere Filter\t\t\t\t\t<\/button>\n\t\t\t\t\t\t\t\t\n\t\t\t\t\t\t\t\t\n\t\t\t\t<button type=\"submit\" class=\"btn btn-default search-button\">\n\t\t\t\t\tSuche\t\t\t\t<\/button>\n\t\t\t\t\t\t\t<\/div><!-- .\/footer -->\n\t\t<\/div><!-- .\/searcher -->\n\t<\/div><!-- search-options -->\n<\/div><!-- search-container fixed-map -->\t<\/form>\n<\/section>\n\n<section id=\"grid-content\" class=\"search-results\">\n\t<div class=\"loader text-center margin-bottom\" style=\"display:none;margin-top:20px;\">\n\t\t<img decoding=\"async\" src=\"https:\/\/oikoscasa.com\/wp-content\/plugins\/real-estate-manager-pro\/assets\/images\/ajax-loader.gif\" alt=\"Laden...\" title=\"\">\n\t<\/div>\n\t<div class=\"searched-properties\">\n\t\t\t<\/div>\n\t<\/section>\n<\/div>\n<\/div>\n\t\t\t\t\t\t<\/div>\n\t\t\t\t\t<\/div>\n\t\t\t\t<\/div>\n\t\t<div class=\"elementor-element elementor-element-b412afa e-flex e-con-boxed e-con e-parent\" data-id=\"b412afa\" data-element_type=\"container\" data-e-type=\"container\" data-settings=\"{&quot;_ha_eqh_enable&quot;:false}\">\n\t\t\t\t\t<div class=\"e-con-inner\">\n\t\t\t\t<div class=\"elementor-element elementor-element-a22b670 elementor-widget elementor-widget-spacer\" data-id=\"a22b670\" data-element_type=\"widget\" data-e-type=\"widget\" data-widget_type=\"spacer.default\">\n\t\t\t\t\t\t\t<div class=\"elementor-spacer\">\n\t\t\t<div class=\"elementor-spacer-inner\"><\/div>\n\t\t<\/div>\n\t\t\t\t\t\t<\/div>\n\t\t\t\t<div class=\"elementor-element elementor-element-71ac7f9 elementor-widget elementor-widget-html\" data-id=\"71ac7f9\" data-element_type=\"widget\" data-e-type=\"widget\" data-widget_type=\"html.default\">\n\t\t\t\t\t<style>\r\n.titolo-dinamico {\r\n  font-weight: bold;\r\n  font-size: 30px;\r\n  line-height: 1.2;\r\n  color: #222;\r\n  text-align: center;\r\n  margin-bottom: 20px;\r\n}\r\n<\/style>\r\n\r\n<script>\r\ndocument.addEventListener(\"DOMContentLoaded\", function () {\r\n  const params = new URLSearchParams(window.location.search);\r\n  const city = params.get(\"property_city\") || \"\";\r\n  const area = params.get(\"property_area\") || \"\";\r\n  const use = params.get(\"property_use\") || \"\";\r\n  const titoloParam = params.get(\"titolo\") || \"\";\r\n\r\n  let titolo = \"\";\r\n\r\n  \/\/ \ud83d\udc47 Condizioni logiche migliorate\r\n  if (city && area && use) {\r\n    titolo = `${use.replace(\/\\+\/g, ' ')} in vendita a ${city.replace(\/\\+\/g, ' ')} \u2013 ${area.replace(\/\\+\/g, ' ')}`;\r\n  } else if (city && use) {\r\n    titolo = `${use.replace(\/\\+\/g, ' ')} in vendita a ${city.replace(\/\\+\/g, ' ')}`;\r\n  } else if (area && use) {\r\n    titolo = `${use.replace(\/\\+\/g, ' ')} in vendita nella zona ${area.replace(\/\\+\/g, ' ')}`;\r\n  } else if (city && area) {\r\n    titolo = `Immobili in vendita a ${city.replace(\/\\+\/g, ' ')} \u2013 ${area.replace(\/\\+\/g, ' ')}`;\r\n  } else if (city) {\r\n    titolo = `Immobili in vendita a ${city.replace(\/\\+\/g, ' ')}`;\r\n  } else if (use) {\r\n    \/\/ \ud83d\udc49 nuovo caso: solo property_use\r\n    titolo = `${use.replace(\/\\+\/g, ' ')} in vendita`;\r\n  } else if (titoloParam) {\r\n    titolo = titoloParam.replace(\/\\+\/g, ' ');\r\n  } else {\r\n    titolo = \"Risultati di ricerca\";\r\n  }\r\n\r\n  const h1 = document.querySelector(\".titolo-dinamico\");\r\n  if (h1) h1.textContent = titolo;\r\n\r\n  document.title = titolo + \" | Garda Dream Real Estate\";\r\n});\r\n<\/script>\r\n\r\n\r\n\r\n\t\t\t\t<\/div>\n\t\t\t\t\t<\/div>\n\t\t\t\t<\/div>\n\t\t\t\t<\/div>\n\t\t","protected":false},"excerpt":{"rendered":"<p>Vorschl\u00e4ge f\u00fcr Immobilien F\u00fcgen Sie hier den Titeltext ein. Suchergebnisse<\/p>\n","protected":false},"author":2,"featured_media":0,"parent":0,"menu_order":0,"comment_status":"closed","ping_status":"closed","template":"elementor_header_footer","meta":{"footnotes":""},"class_list":["post-27209","page","type-page","status-publish","hentry"],"_links":{"self":[{"href":"https:\/\/oikoscasa.com\/de\/wp-json\/wp\/v2\/pages\/27209","targetHints":{"allow":["GET"]}}],"collection":[{"href":"https:\/\/oikoscasa.com\/de\/wp-json\/wp\/v2\/pages"}],"about":[{"href":"https:\/\/oikoscasa.com\/de\/wp-json\/wp\/v2\/types\/page"}],"author":[{"embeddable":true,"href":"https:\/\/oikoscasa.com\/de\/wp-json\/wp\/v2\/users\/2"}],"replies":[{"embeddable":true,"href":"https:\/\/oikoscasa.com\/de\/wp-json\/wp\/v2\/comments?post=27209"}],"version-history":[{"count":0,"href":"https:\/\/oikoscasa.com\/de\/wp-json\/wp\/v2\/pages\/27209\/revisions"}],"wp:attachment":[{"href":"https:\/\/oikoscasa.com\/de\/wp-json\/wp\/v2\/media?parent=27209"}],"curies":[{"name":"wp","href":"https:\/\/api.w.org\/{rel}","templated":true}]}}