{"id":27231,"date":"2025-10-11T11:00:21","date_gmt":"2025-10-11T09:00:21","guid":{"rendered":"https:\/\/oikoscasa.com\/verkaufen\/"},"modified":"2026-03-26T16:33:46","modified_gmt":"2026-03-26T15:33:46","slug":"verkaufen","status":"publish","type":"page","link":"https:\/\/oikoscasa.com\/de\/verkaufen\/","title":{"rendered":"Verkaufen"},"content":{"rendered":"\t\t<div data-elementor-type=\"wp-page\" data-elementor-id=\"27231\" class=\"elementor elementor-27231 elementor-25496\" data-elementor-settings=\"{&quot;ha_cmc_init_switcher&quot;:&quot;no&quot;}\" data-elementor-post-type=\"page\">\n\t\t\t\t<div class=\"elementor-element elementor-element-c38cb82 e-con-full e-flex e-con e-parent\" data-id=\"c38cb82\" data-element_type=\"container\" data-e-type=\"container\" data-settings=\"{&quot;background_background&quot;:&quot;classic&quot;,&quot;_ha_eqh_enable&quot;:false}\">\n\t\t\t\t<div class=\"elementor-element elementor-element-6a31ba8 elementor-widget elementor-widget-heading\" data-id=\"6a31ba8\" data-element_type=\"widget\" data-e-type=\"widget\" data-widget_type=\"heading.default\">\n\t\t\t\t\t<h1 class=\"elementor-heading-title elementor-size-default\">Verkaufen Sie Ihre Immobilie<\/h1>\t\t\t\t<\/div>\n\t\t\t\t<\/div>\n\t\t<div class=\"elementor-element elementor-element-a142e40 e-flex e-con-boxed e-con e-parent\" data-id=\"a142e40\" data-element_type=\"container\" data-e-type=\"container\" data-settings=\"{&quot;_ha_eqh_enable&quot;:false}\">\n\t\t\t\t\t<div class=\"e-con-inner\">\n\t\t\t\t<div class=\"elementor-element elementor-element-a59e4d2 elementor-widget elementor-widget-eael-breadcrumbs\" data-id=\"a59e4d2\" data-element_type=\"widget\" data-e-type=\"widget\" data-widget_type=\"eael-breadcrumbs.default\">\n\t\t\t\t<div class=\"elementor-widget-container\">\n\t\t\t\t\t\t\t<div class=\"eael-breadcrumbs\">\n\t\t\t\t\t\t<div class=\"eael-breadcrumbs__prefix\">\n\t\t\t\t<a href=\"https:\/\/oikoscasa.com\/de\/\" class=\"eael-breadcrumbs__prefix-link\"><svg aria-hidden=\"true\" class=\"e-font-icon-svg e-fas-home\" viewBox=\"0 0 576 512\" xmlns=\"http:\/\/www.w3.org\/2000\/svg\"><path d=\"M280.37 148.26L96 300.11V464a16 16 0 0 0 16 16l112.06-.29a16 16 0 0 0 15.92-16V368a16 16 0 0 1 16-16h64a16 16 0 0 1 16 16v95.64a16 16 0 0 0 16 16.05L464 480a16 16 0 0 0 16-16V300L295.67 148.26a12.19 12.19 0 0 0-15.3 0zM571.6 251.47L488 182.56V44.05a12 12 0 0 0-12-12h-56a12 12 0 0 0-12 12v72.61L318.47 43a48 48 0 0 0-61 0L4.34 251.47a12 12 0 0 0-1.6 16.9l25.5 31A12 12 0 0 0 45.15 301l235.22-193.74a12.19 12.19 0 0 1 15.3 0L530.9 301a12 12 0 0 0 16.9-1.6l25.5-31a12 12 0 0 0-1.7-16.93z\"><\/path><\/svg><\/a>\t\t\t<\/a>\n\t\t\t<\/div>\n\t\t\t<div class=\"eael-breadcrumbs__content\"><a href=\"https:\/\/oikoscasa.com\/de\/\">Startseite<\/a> <span class=\"eael-breadcrumb-separator\">|<\/span> <span class = \"eael-current\">Seite<\/span><\/div>\t\t<\/div>\n\t\t\t\t\t\t<\/div>\n\t\t\t\t<\/div>\n\t\t\t\t<div class=\"elementor-element elementor-element-0ba2731 elementor-widget elementor-widget-spacer\" data-id=\"0ba2731\" data-element_type=\"widget\" data-e-type=\"widget\" data-widget_type=\"spacer.default\">\n\t\t\t\t\t\t\t<div class=\"elementor-spacer\">\n\t\t\t<div class=\"elementor-spacer-inner\"><\/div>\n\t\t<\/div>\n\t\t\t\t\t\t<\/div>\n\t\t\t\t\t<\/div>\n\t\t\t\t<\/div>\n\t\t<div class=\"elementor-element elementor-element-3322525 e-flex e-con-boxed e-con e-parent\" data-id=\"3322525\" data-element_type=\"container\" data-e-type=\"container\" data-settings=\"{&quot;_ha_eqh_enable&quot;:false}\">\n\t\t\t\t\t<div class=\"e-con-inner\">\n\t\t<div class=\"elementor-element elementor-element-0156d9f e-con-full e-flex e-con e-child\" data-id=\"0156d9f\" data-element_type=\"container\" data-e-type=\"container\" data-settings=\"{&quot;_ha_eqh_enable&quot;:false}\">\n\t\t\t\t<div class=\"elementor-element elementor-element-4302bd3 elementor-widget elementor-widget-heading\" data-id=\"4302bd3\" data-element_type=\"widget\" data-e-type=\"widget\" data-widget_type=\"heading.default\">\n\t\t\t\t\t<h2 class=\"elementor-heading-title elementor-size-default\">Verkaufen Sie Ihre Immobilie mit OIKOS<\/h2>\t\t\t\t<\/div>\n\t\t\t\t<div class=\"elementor-element elementor-element-ac81ccf elementor-widget elementor-widget-text-editor\" data-id=\"ac81ccf\" data-element_type=\"widget\" data-e-type=\"widget\" data-widget_type=\"text-editor.default\">\n\t\t\t\t\t\t\t\t\t<p data-start=\"3545\" data-end=\"3726\">Sich einer Immobilienagentur in Desenzano del Garda anzuvertrauen bedeutet, Profis mit fundierter Kenntnis der Region und des Marktes am Gardasee an Ihrer Seite zu haben.<\/p><p data-start=\"3728\" data-end=\"3837\">OIKOS bietet einen personalisierten Service, der darauf ausgelegt ist, einen sicheren, schnellen Verkauf zum bestm\u00f6glichen Preis zu gew\u00e4hrleisten.<\/p>\t\t\t\t\t\t\t\t<\/div>\n\t\t\t\t<div class=\"elementor-element elementor-element-9234037 elementor-button-info elementor-align-center elementor-widget elementor-widget-button\" data-id=\"9234037\" data-element_type=\"widget\" data-e-type=\"widget\" data-widget_type=\"button.default\">\n\t\t\t\t\t\t\t\t\t\t<a class=\"elementor-button elementor-button-link elementor-size-sm\" href=\"https:\/\/oikoscasa.com\/de\/kontakt\/\">\n\t\t\t\t\t\t<span class=\"elementor-button-content-wrapper\">\n\t\t\t\t\t\t\t\t\t<span class=\"elementor-button-text\">KONTAKT US<\/span>\n\t\t\t\t\t<\/span>\n\t\t\t\t\t<\/a>\n\t\t\t\t\t\t\t\t<\/div>\n\t\t\t\t<\/div>\n\t\t<div class=\"elementor-element elementor-element-2ca827c e-con-full e-flex e-con e-child\" data-id=\"2ca827c\" data-element_type=\"container\" data-e-type=\"container\" data-settings=\"{&quot;background_background&quot;:&quot;classic&quot;,&quot;_ha_eqh_enable&quot;:false}\">\n\t\t\t\t<\/div>\n\t\t\t\t\t<\/div>\n\t\t\t\t<\/div>\n\t\t<div class=\"elementor-element elementor-element-c09af6c e-flex e-con-boxed e-con e-parent\" data-id=\"c09af6c\" data-element_type=\"container\" data-e-type=\"container\" data-settings=\"{&quot;_ha_eqh_enable&quot;:false}\">\n\t\t\t\t\t<div class=\"e-con-inner\">\n\t\t<div class=\"elementor-element elementor-element-ab5f7d8 e-con-full e-flex e-con e-child\" data-id=\"ab5f7d8\" data-element_type=\"container\" data-e-type=\"container\" data-settings=\"{&quot;_ha_eqh_enable&quot;:false}\">\n\t\t<div class=\"elementor-element elementor-element-834977d e-con-full e-flex e-con e-child\" data-id=\"834977d\" data-element_type=\"container\" data-e-type=\"container\" data-settings=\"{&quot;_ha_eqh_enable&quot;:false}\">\n\t\t\t\t<div class=\"elementor-element elementor-element-fd719fa elementor-widget elementor-widget-image\" data-id=\"fd719fa\" data-element_type=\"widget\" data-e-type=\"widget\" data-widget_type=\"image.default\">\n\t\t\t\t\t\t\t\t\t\t\t\t\t\t\t<img decoding=\"async\" src=\"https:\/\/oikoscasa.com\/wp-content\/uploads\/elementor\/thumbs\/valutazione-1-ritjt2ek1z27lf7huv30g4ygf9j41s2suzcxi78fls.png\" title=\"Bewertung\" alt=\"Bewertung\" loading=\"lazy\" \/>\t\t\t\t\t\t\t\t\t\t\t\t\t\t\t<\/div>\n\t\t\t\t<div class=\"elementor-element elementor-element-741bfa1 elementor-widget elementor-widget-heading\" data-id=\"741bfa1\" data-element_type=\"widget\" data-e-type=\"widget\" data-widget_type=\"heading.default\">\n\t\t\t\t\t<h4 class=\"elementor-heading-title elementor-size-default\">Transparente Bewertung<\/h4>\t\t\t\t<\/div>\n\t\t\t\t<div class=\"elementor-element elementor-element-3dd3376 elementor-widget elementor-widget-text-editor\" data-id=\"3dd3376\" data-element_type=\"widget\" data-e-type=\"widget\" data-widget_type=\"text-editor.default\">\n\t\t\t\t\t\t\t\t\t<p style=\"text-align: center;\">Eine genaue und realistische Analyse auf der Grundlage des aktuellen Marktes am Gardasee.<\/p>\t\t\t\t\t\t\t\t<\/div>\n\t\t\t\t<\/div>\n\t\t<div class=\"elementor-element elementor-element-ab6ed1c e-con-full e-flex e-con e-child\" data-id=\"ab6ed1c\" data-element_type=\"container\" data-e-type=\"container\" data-settings=\"{&quot;_ha_eqh_enable&quot;:false}\">\n\t\t\t\t<div class=\"elementor-element elementor-element-76daefc elementor-widget elementor-widget-image\" data-id=\"76daefc\" data-element_type=\"widget\" data-e-type=\"widget\" data-widget_type=\"image.default\">\n\t\t\t\t\t\t\t\t\t\t\t\t\t\t\t<img decoding=\"async\" src=\"https:\/\/oikoscasa.com\/wp-content\/uploads\/elementor\/thumbs\/marketing-1-ritjt2ek1z27lf7huv30g4ygf9j41s2suzcxi78fls.png\" title=\"Marketing\" alt=\"Marketing\" loading=\"lazy\" \/>\t\t\t\t\t\t\t\t\t\t\t\t\t\t\t<\/div>\n\t\t\t\t<div class=\"elementor-element elementor-element-26f187f elementor-widget elementor-widget-heading\" data-id=\"26f187f\" data-element_type=\"widget\" data-e-type=\"widget\" data-widget_type=\"heading.default\">\n\t\t\t\t\t<h4 class=\"elementor-heading-title elementor-size-default\">Gezielte Werbung<\/h4>\t\t\t\t<\/div>\n\t\t\t\t<div class=\"elementor-element elementor-element-e771af6 elementor-widget elementor-widget-text-editor\" data-id=\"e771af6\" data-element_type=\"widget\" data-e-type=\"widget\" data-widget_type=\"text-editor.default\">\n\t\t\t\t\t\t\t\t\t<p style=\"text-align: center;\">Professionelle Fotos, Videos und digitale Kampagnen f\u00fcr eine maximale Sichtbarkeit Ihrer Immobilie.<\/p>\t\t\t\t\t\t\t\t<\/div>\n\t\t\t\t<\/div>\n\t\t<div class=\"elementor-element elementor-element-0770dd8 e-con-full e-flex e-con e-child\" data-id=\"0770dd8\" data-element_type=\"container\" data-e-type=\"container\" data-settings=\"{&quot;_ha_eqh_enable&quot;:false}\">\n\t\t\t\t<div class=\"elementor-element elementor-element-5c885b7 elementor-widget elementor-widget-image\" data-id=\"5c885b7\" data-element_type=\"widget\" data-e-type=\"widget\" data-widget_type=\"image.default\">\n\t\t\t\t\t\t\t\t\t\t\t\t\t\t\t<img decoding=\"async\" src=\"https:\/\/oikoscasa.com\/wp-content\/uploads\/elementor\/thumbs\/scelta-1-ritjt2ek1z27lf7huv30g4ygf9j41s2suzcxi78fls.png\" title=\"Auswahl\" alt=\"Auswahl\" loading=\"lazy\" \/>\t\t\t\t\t\t\t\t\t\t\t\t\t\t\t<\/div>\n\t\t\t\t<div class=\"elementor-element elementor-element-a8b5abe elementor-widget elementor-widget-heading\" data-id=\"a8b5abe\" data-element_type=\"widget\" data-e-type=\"widget\" data-widget_type=\"heading.default\">\n\t\t\t\t\t<h4 class=\"elementor-heading-title elementor-size-default\">Qualifizierte Auswahl\nder K\u00e4ufer<\/h4>\t\t\t\t<\/div>\n\t\t\t\t<div class=\"elementor-element elementor-element-c2f74c6 elementor-widget elementor-widget-text-editor\" data-id=\"c2f74c6\" data-element_type=\"widget\" data-e-type=\"widget\" data-widget_type=\"text-editor.default\">\n\t\t\t\t\t\t\t\t\t<p style=\"text-align: center;\">Von prestigetr\u00e4chtigen Residenzen bis zu Wohnungen im Stadtzentrum, Angebote, die sorgf\u00e4ltig nach Qualit\u00e4t und Lage ausgew\u00e4hlt wurden.<\/p>\t\t\t\t\t\t\t\t<\/div>\n\t\t\t\t<\/div>\n\t\t<div class=\"elementor-element elementor-element-a561db9 e-con-full e-flex e-con e-child\" data-id=\"a561db9\" data-element_type=\"container\" data-e-type=\"container\" data-settings=\"{&quot;_ha_eqh_enable&quot;:false}\">\n\t\t\t\t<div class=\"elementor-element elementor-element-0c9614d elementor-widget elementor-widget-image\" data-id=\"0c9614d\" data-element_type=\"widget\" data-e-type=\"widget\" data-widget_type=\"image.default\">\n\t\t\t\t\t\t\t\t\t\t\t\t\t\t\t<img decoding=\"async\" src=\"https:\/\/oikoscasa.com\/wp-content\/uploads\/elementor\/thumbs\/assistenza-1-ritjt2ek1z27lf7huv30g4ygf9j41s2suzcxi78fls.png\" title=\"Betreuung\" alt=\"Betreuung\" loading=\"lazy\" \/>\t\t\t\t\t\t\t\t\t\t\t\t\t\t\t<\/div>\n\t\t\t\t<div class=\"elementor-element elementor-element-c8870cc elementor-widget elementor-widget-heading\" data-id=\"c8870cc\" data-element_type=\"widget\" data-e-type=\"widget\" data-widget_type=\"heading.default\">\n\t\t\t\t\t<h4 class=\"elementor-heading-title elementor-size-default\">Umfassende Hilfe<\/h4>\t\t\t\t<\/div>\n\t\t\t\t<div class=\"elementor-element elementor-element-0a59379 elementor-widget elementor-widget-text-editor\" data-id=\"0a59379\" data-element_type=\"widget\" data-e-type=\"widget\" data-widget_type=\"text-editor.default\">\n\t\t\t\t\t\t\t\t\t<p style=\"text-align: center;\">Vom ersten Treffen bis zum Vertragsabschluss begleiten wir Sie Schritt f\u00fcr Schritt.<\/p>\t\t\t\t\t\t\t\t<\/div>\n\t\t\t\t<\/div>\n\t\t\t\t<\/div>\n\t\t\t\t\t<\/div>\n\t\t\t\t<\/div>\n\t\t<div class=\"elementor-element elementor-element-b21bff6 e-flex e-con-boxed e-con e-parent\" data-id=\"b21bff6\" data-element_type=\"container\" data-e-type=\"container\" data-settings=\"{&quot;_ha_eqh_enable&quot;:false}\">\n\t\t\t\t\t<div class=\"e-con-inner\">\n\t\t\t\t<div class=\"elementor-element elementor-element-634f14f elementor-widget elementor-widget-heading\" data-id=\"634f14f\" data-element_type=\"widget\" data-e-type=\"widget\" data-widget_type=\"heading.default\">\n\t\t\t\t\t<h2 class=\"elementor-heading-title elementor-size-default\">M\u00f6chten Sie den Wert Ihrer Immobilie erfahren?<\/h2>\t\t\t\t<\/div>\n\t\t\t\t\t<\/div>\n\t\t\t\t<\/div>\n\t\t<div class=\"elementor-element elementor-element-77ef626 e-flex e-con-boxed e-con e-parent\" data-id=\"77ef626\" data-element_type=\"container\" data-e-type=\"container\" data-settings=\"{&quot;_ha_eqh_enable&quot;:false}\">\n\t\t\t\t\t<div class=\"e-con-inner\">\n\t\t\t\t<div class=\"elementor-element elementor-element-1c45232 elementor-widget elementor-widget-text-editor\" data-id=\"1c45232\" data-element_type=\"widget\" data-e-type=\"widget\" data-widget_type=\"text-editor.default\">\n\t\t\t\t\t\t\t\t\t<p>Der erste Schritt zum Hausverkauf ist eine <strong>pr\u00e4zise Immobilienbewertung<\/strong>. OIKOS analysiert den Markt von Desenzano del Garda und des Gardasees, um den korrektesten und wettbewerbsf\u00e4higsten Preis zu ermitteln. <span style=\"font-size: 1rem;\">Eine pr\u00e4zise Bewertung erm\u00f6glicht es: <\/span><strong><span style=\"font-size: 1rem;\">die Verkaufszeit zu verk\u00fcrzen, <\/span><span style=\"font-size: 1rem;\">qualifizierte K\u00e4ufer zu gewinnen, <\/span><span style=\"font-size: 1rem;\">den Wert der Immobilie zu maximieren<\/span><\/strong> <\/p>\t\t\t\t\t\t\t\t<\/div>\n\t\t\t\t<div class=\"elementor-element elementor-element-0927970 elementor-button-info elementor-widget elementor-widget-button\" data-id=\"0927970\" data-element_type=\"widget\" data-e-type=\"widget\" data-widget_type=\"button.default\">\n\t\t\t\t\t\t\t\t\t\t<a class=\"elementor-button elementor-button-link elementor-size-sm\" href=\"https:\/\/oikoscasa.com\/de\/kontakt\/\">\n\t\t\t\t\t\t<span class=\"elementor-button-content-wrapper\">\n\t\t\t\t\t\t\t\t\t<span class=\"elementor-button-text\">Eine Bewertung anfordern<\/span>\n\t\t\t\t\t<\/span>\n\t\t\t\t\t<\/a>\n\t\t\t\t\t\t\t\t<\/div>\n\t\t\t\t\t<\/div>\n\t\t\t\t<\/div>\n\t\t<div class=\"elementor-element elementor-element-b232fa3 e-con-full e-flex e-con e-parent\" data-id=\"b232fa3\" data-element_type=\"container\" data-e-type=\"container\" data-settings=\"{&quot;_ha_eqh_enable&quot;:false}\">\n\t\t\t\t<div class=\"elementor-element elementor-element-e82480b elementor-widget elementor-widget-spacer\" data-id=\"e82480b\" data-element_type=\"widget\" data-e-type=\"widget\" data-widget_type=\"spacer.default\">\n\t\t\t\t\t\t\t<div class=\"elementor-spacer\">\n\t\t\t<div class=\"elementor-spacer-inner\"><\/div>\n\t\t<\/div>\n\t\t\t\t\t\t<\/div>\n\t\t\t\t<div class=\"elementor-element elementor-element-82bed72 elementor-widget-mobile__width-inherit elementor-widget elementor-widget-image\" data-id=\"82bed72\" data-element_type=\"widget\" data-e-type=\"widget\" data-widget_type=\"image.default\">\n\t\t\t\t\t\t\t\t\t\t\t\t\t\t\t<img fetchpriority=\"high\" decoding=\"async\" width=\"1920\" height=\"550\" src=\"https:\/\/oikoscasa.com\/wp-content\/uploads\/2025\/10\/desenzano-slider.png\" class=\"attachment-full size-full wp-image-27230\" alt=\"desenzano-slider\" srcset=\"https:\/\/oikoscasa.com\/wp-content\/uploads\/2025\/10\/desenzano-slider.png 1920w, https:\/\/oikoscasa.com\/wp-content\/uploads\/2025\/10\/desenzano-slider-300x86.png 300w, https:\/\/oikoscasa.com\/wp-content\/uploads\/2025\/10\/desenzano-slider-1024x293.png 1024w, https:\/\/oikoscasa.com\/wp-content\/uploads\/2025\/10\/desenzano-slider-768x220.png 768w, https:\/\/oikoscasa.com\/wp-content\/uploads\/2025\/10\/desenzano-slider-1536x440.png 1536w, https:\/\/oikoscasa.com\/wp-content\/uploads\/2025\/10\/desenzano-slider-350x100.png 350w\" sizes=\"(max-width: 1920px) 100vw, 1920px\" title=\"\">\t\t\t\t\t\t\t\t\t\t\t\t\t\t\t<\/div>\n\t\t\t\t<\/div>\n\t\t\t\t<\/div>\n\t\t","protected":false},"excerpt":{"rendered":"<p>Verkaufen Sie Ihre Immobilie Startseite | Verkaufen Sie Ihre Immobilie mit OIKOS Sich einer Immobilienagentur in Desenzano del Garda anzuvertrauen bedeutet, Profis mit fundierter Kenntnis der Region und des Marktes am Gardasee an Ihrer Seite zu haben. OIKOS bietet einen personalisierten Service, der darauf ausgelegt ist, einen sicheren, schnellen Verkauf zum bestm\u00f6glichen Preis zu gew\u00e4hrleisten. [&hellip;]<\/p>\n","protected":false},"author":2,"featured_media":0,"parent":0,"menu_order":0,"comment_status":"closed","ping_status":"closed","template":"","meta":{"footnotes":""},"class_list":["post-27231","page","type-page","status-publish","hentry"],"_links":{"self":[{"href":"https:\/\/oikoscasa.com\/de\/wp-json\/wp\/v2\/pages\/27231","targetHints":{"allow":["GET"]}}],"collection":[{"href":"https:\/\/oikoscasa.com\/de\/wp-json\/wp\/v2\/pages"}],"about":[{"href":"https:\/\/oikoscasa.com\/de\/wp-json\/wp\/v2\/types\/page"}],"author":[{"embeddable":true,"href":"https:\/\/oikoscasa.com\/de\/wp-json\/wp\/v2\/users\/2"}],"replies":[{"embeddable":true,"href":"https:\/\/oikoscasa.com\/de\/wp-json\/wp\/v2\/comments?post=27231"}],"version-history":[{"count":0,"href":"https:\/\/oikoscasa.com\/de\/wp-json\/wp\/v2\/pages\/27231\/revisions"}],"wp:attachment":[{"href":"https:\/\/oikoscasa.com\/de\/wp-json\/wp\/v2\/media?parent=27231"}],"curies":[{"name":"wp","href":"https:\/\/api.w.org\/{rel}","templated":true}]}}