{"id":29312,"date":"2025-11-19T19:14:56","date_gmt":"2025-11-19T18:14:56","guid":{"rendered":"https:\/\/oikoscasa.com\/via-dei-melograni\/"},"modified":"2026-03-26T16:32:24","modified_gmt":"2026-03-26T15:32:24","slug":"via-dei-melograni","status":"publish","type":"page","link":"https:\/\/oikoscasa.com\/de\/via-dei-melograni\/","title":{"rendered":"Via dei Melograni"},"content":{"rendered":"\t\t<div data-elementor-type=\"wp-page\" data-elementor-id=\"29312\" class=\"elementor elementor-29312 elementor-29225\" data-elementor-settings=\"{&quot;ha_cmc_init_switcher&quot;:&quot;no&quot;}\" data-elementor-post-type=\"page\">\n\t\t\t\t<div class=\"elementor-element elementor-element-76ab741 e-flex e-con-boxed e-con e-parent\" data-id=\"76ab741\" data-element_type=\"container\" data-e-type=\"container\" data-settings=\"{&quot;_ha_eqh_enable&quot;:false}\">\n\t\t\t\t\t<div class=\"e-con-inner\">\n\t\t\t\t<div class=\"elementor-element elementor-element-54fc264 elementor-widget elementor-widget-spacer\" data-id=\"54fc264\" data-element_type=\"widget\" data-e-type=\"widget\" data-widget_type=\"spacer.default\">\n\t\t\t\t\t\t\t<div class=\"elementor-spacer\">\n\t\t\t<div class=\"elementor-spacer-inner\"><\/div>\n\t\t<\/div>\n\t\t\t\t\t\t<\/div>\n\t\t\t\t<div class=\"elementor-element elementor-element-538d3c0 elementor-widget elementor-widget-heading\" data-id=\"538d3c0\" data-element_type=\"widget\" data-e-type=\"widget\" data-widget_type=\"heading.default\">\n\t\t\t\t\t<h1 class=\"elementor-heading-title elementor-size-default\">Doppelhaush\u00e4lfte Desenzano del Garda - Via dei Melograni<\/h1>\t\t\t\t<\/div>\n\t\t\t\t<div class=\"elementor-element elementor-element-9a9736c elementor-widget elementor-widget-spacer\" data-id=\"9a9736c\" data-element_type=\"widget\" data-e-type=\"widget\" data-widget_type=\"spacer.default\">\n\t\t\t\t\t\t\t<div class=\"elementor-spacer\">\n\t\t\t<div class=\"elementor-spacer-inner\"><\/div>\n\t\t<\/div>\n\t\t\t\t\t\t<\/div>\n\t\t\t\t\t<\/div>\n\t\t\t\t<\/div>\n\t\t<div class=\"elementor-element elementor-element-d9ff923 e-con-full e-flex e-con e-parent\" data-id=\"d9ff923\" data-element_type=\"container\" data-e-type=\"container\" data-settings=\"{&quot;background_background&quot;:&quot;classic&quot;,&quot;_ha_eqh_enable&quot;:false}\">\n\t\t\t\t<\/div>\n\t\t<div class=\"elementor-element elementor-element-b500cdd e-flex e-con-boxed e-con e-parent\" data-id=\"b500cdd\" data-element_type=\"container\" data-e-type=\"container\" data-settings=\"{&quot;_ha_eqh_enable&quot;:false}\">\n\t\t\t\t\t<div class=\"e-con-inner\">\n\t\t\t\t<div class=\"elementor-element elementor-element-d415db0 elementor-widget elementor-widget-spacer\" data-id=\"d415db0\" data-element_type=\"widget\" data-e-type=\"widget\" data-widget_type=\"spacer.default\">\n\t\t\t\t\t\t\t<div class=\"elementor-spacer\">\n\t\t\t<div class=\"elementor-spacer-inner\"><\/div>\n\t\t<\/div>\n\t\t\t\t\t\t<\/div>\n\t\t\t\t\t<\/div>\n\t\t\t\t<\/div>\n\t\t<div class=\"elementor-element elementor-element-4cf434d e-flex e-con-boxed e-con e-parent\" data-id=\"4cf434d\" data-element_type=\"container\" data-e-type=\"container\" data-settings=\"{&quot;_ha_eqh_enable&quot;:false}\">\n\t\t\t\t\t<div class=\"e-con-inner\">\n\t\t<div class=\"elementor-element elementor-element-42f6c3a e-con-full e-flex e-con e-child\" data-id=\"42f6c3a\" data-element_type=\"container\" data-e-type=\"container\" data-settings=\"{&quot;_ha_eqh_enable&quot;:false}\">\n\t\t\t\t<div class=\"elementor-element elementor-element-593efb8 elementor-widget elementor-widget-heading\" data-id=\"593efb8\" data-element_type=\"widget\" data-e-type=\"widget\" data-widget_type=\"heading.default\">\n\t\t\t\t\t<h2 class=\"elementor-heading-title elementor-size-default\">Doppelhaush\u00e4lfte in Desenzano del Garda im Bau<\/h2>\t\t\t\t<\/div>\n\t\t\t\t<div class=\"elementor-element elementor-element-3a33ed2 elementor-widget elementor-widget-text-editor\" data-id=\"3a33ed2\" data-element_type=\"widget\" data-e-type=\"widget\" data-widget_type=\"text-editor.default\">\n\t\t\t\t\t\t\t\t\t<p data-start=\"175\" data-end=\"453\">In <strong>Desenzano del Garda<\/strong> entsteht eine elegante <strong>Doppelhaush\u00e4lfte<\/strong>, die zeitgen\u00f6ssische Architektur, Wohnkomfort und Privatsph\u00e4re vereint. Dieses <a href=\"https:\/\/oikoscasa.com\/de\/neue-bauprojekte\/\"><strong>Neubauprojekt<\/strong><\/a> ist bis ins kleinste Detail durchdacht und bietet gro\u00dfz\u00fcgige Wohnfl\u00e4chen, private G\u00e4rten und einen Gemeinschaftspool. <\/p>\n<p data-start=\"455\" data-end=\"787\">Die Doppelhaush\u00e4lfte befindet sich in einer ruhigen und gut angebundenen Lage, ideal f\u00fcr alle, die am <strong>Gardasee wohnen<\/strong> m\u00f6chten, ohne auf die Annehmlichkeiten der Infrastruktur zu verzichten. Eine perfekte L\u00f6sung f\u00fcr alle, die ein <strong>modernes Zuhause in Desenzano del Garda<\/strong> suchen, das Lebensqualit\u00e4t und einen exklusiven Wohnstil garantiert. <\/p>\t\t\t\t\t\t\t\t<\/div>\n\t\t\t\t<\/div>\n\t\t<div class=\"elementor-element elementor-element-779efa3 e-con-full e-flex e-con e-child\" data-id=\"779efa3\" data-element_type=\"container\" data-e-type=\"container\" data-settings=\"{&quot;_ha_eqh_enable&quot;:false}\">\n\t\t\t\t<div class=\"elementor-element elementor-element-68e7458 elementor-widget elementor-widget-google_maps\" data-id=\"68e7458\" data-element_type=\"widget\" data-e-type=\"widget\" data-widget_type=\"google_maps.default\">\n\t\t\t\t\t\t\t<div class=\"elementor-custom-embed\">\n\t\t\t<iframe loading=\"lazy\"\n\t\t\t\t\tsrc=\"https:\/\/www.google.com\/maps\/embed\/v1\/place?key=AIzaSyAD7L9Eb6Dbf-p0mN4SwFiQ0D1MXfxl3Jw&#038;q=Via%20dei%20Melograni%2C%20Desenzano%20del%20Garda%20%28BS%29&#038;zoom=16\"\n\t\t\t\t\ttitle=\"Via dei Melograni, Desenzano del Garda (BS)\"\n\t\t\t\t\taria-label=\"Via dei Melograni, Desenzano del Garda (BS)\"\n\t\t\t><\/iframe>\n\t\t<\/div>\n\t\t\t\t\t\t<\/div>\n\t\t\t\t<\/div>\n\t\t\t\t\t<\/div>\n\t\t\t\t<\/div>\n\t\t<div class=\"elementor-element elementor-element-aff8db5 e-flex e-con-boxed e-con e-parent\" data-id=\"aff8db5\" data-element_type=\"container\" data-e-type=\"container\" data-settings=\"{&quot;_ha_eqh_enable&quot;:false}\">\n\t\t\t\t\t<div class=\"e-con-inner\">\n\t\t\t\t<div class=\"elementor-element elementor-element-5c333e3 elementor-widget elementor-widget-heading\" data-id=\"5c333e3\" data-element_type=\"widget\" data-e-type=\"widget\" data-widget_type=\"heading.default\">\n\t\t\t\t\t<h3 class=\"elementor-heading-title elementor-size-default\">Warum eine Doppelhaush\u00e4lfte in Desenzano del Garda w\u00e4hlen<\/h3>\t\t\t\t<\/div>\n\t\t\t\t<div class=\"elementor-element elementor-element-5143836 elementor-widget elementor-widget-text-editor\" data-id=\"5143836\" data-element_type=\"widget\" data-e-type=\"widget\" data-widget_type=\"text-editor.default\">\n\t\t\t\t\t\t\t\t\t<p data-start=\"175\" data-end=\"453\">Der Erwerb einer <strong>Doppelhaush\u00e4lfte in <a href=\"https:\/\/oikoscasa.com\/de\/suchergebnisse\/?property_city=Desenzano del Garda&#038;order=ASC&#038;action=rem_search_property&#038;search_property=&#038;codice=&#038;property_type=&#038;property_purpose=In vendita&#038;property_area=&#038;property_bedrooms=&#038;property_bathrooms=&#038;price_min=000000&#038;price_max=10000000&#038;titolo=Desenzano del Garda\">Desenzano del Garda<\/a><\/strong> bedeutet, in einer der <strong>gefragtesten Lagen am Gardasee<\/strong> zu leben, mit einer perfekten Balance zwischen Ruhe und Infrastruktur. Diese Wohnform bietet Unabh\u00e4ngigkeit, Au\u00dfenbereiche und Komfort \u2013 ideal sowohl als Erstwohnsitz als auch als Immobilieninvestition. <\/p>\t\t\t\t\t\t\t\t<\/div>\n\t\t\t\t\t<\/div>\n\t\t\t\t<\/div>\n\t\t<div class=\"elementor-element elementor-element-f2f6f00 e-flex e-con-boxed e-con e-parent\" data-id=\"f2f6f00\" data-element_type=\"container\" data-e-type=\"container\" data-settings=\"{&quot;_ha_eqh_enable&quot;:false}\">\n\t\t\t\t\t<div class=\"e-con-inner\">\n\t\t\t\t<div class=\"elementor-element elementor-element-f2413df elementor-widget elementor-widget-spacer\" data-id=\"f2413df\" data-element_type=\"widget\" data-e-type=\"widget\" data-widget_type=\"spacer.default\">\n\t\t\t\t\t\t\t<div class=\"elementor-spacer\">\n\t\t\t<div class=\"elementor-spacer-inner\"><\/div>\n\t\t<\/div>\n\t\t\t\t\t\t<\/div>\n\t\t\t\t\t<\/div>\n\t\t\t\t<\/div>\n\t\t<div class=\"elementor-element elementor-element-a4171e3 e-flex e-con-boxed e-con e-parent\" data-id=\"a4171e3\" data-element_type=\"container\" data-e-type=\"container\" data-settings=\"{&quot;_ha_eqh_enable&quot;:false}\">\n\t\t\t\t\t<div class=\"e-con-inner\">\n\t\t\t\t<div class=\"elementor-element elementor-element-1f3428c elementor-widget elementor-widget-shortcode\" data-id=\"1f3428c\" data-element_type=\"widget\" data-e-type=\"widget\" data-widget_type=\"shortcode.default\">\n\t\t\t\t\t\t\t<div class=\"elementor-shortcode\">\n\t<div\n\t\tclass=\"ich-settings-main-wrap rem-listings-wrap-ajax-disable  rem-flex-layout\"\n\t \tdata-lstyle=\"6\"\n\t \tdata-cols=\"col-sm-6 m-item\"\n\t \tdata-paged=\"1\"\n\t \tdata-total=\"10\"\n\t>\n\n\n\t\t\n\t<div class=\"row \"><div id=\"property-30841\"  class=\"col-sm-6 m-item post-30841 rem_property type-rem_property status-publish has-post-thumbnail hentry rem_property_tag-melograni\"><div class=\"propery-style-6\">\r\n        <a target=\"\" href=\"https:\/\/oikoscasa.com\/de\/immobili\/nuovo-quadrilocale-con-giardino\/\">\r\n    <div class=\"post-img image image-fill\">\r\n        <img fetchpriority=\"high\" decoding=\"async\" width=\"768\" height=\"1025\" src=\"https:\/\/oikoscasa.com\/wp-content\/uploads\/2024\/11\/IMG20260318130740-768x1025.jpg\" class=\"img-responsive rem-f-image wp-post-image\" alt=\"IMG20260318130740\" data-pid=\"30841\" srcset=\"https:\/\/oikoscasa.com\/wp-content\/uploads\/2024\/11\/IMG20260318130740-768x1025.jpg 768w, https:\/\/oikoscasa.com\/wp-content\/uploads\/2024\/11\/IMG20260318130740-225x300.jpg 225w, https:\/\/oikoscasa.com\/wp-content\/uploads\/2024\/11\/IMG20260318130740.jpg 937w\" sizes=\"(max-width: 768px) 100vw, 768px\" title=\"\">        <div class=\"category\">\r\n            <span class=\"price\">\r\n                                    <span class=\"rem-price-amount\"><span class=\"rem-currency-symbol\">&euro;<\/span>&nbsp;680.000<\/span>                            <\/span>\r\n            <span>Desenzano del Garda<\/span>\r\n        <\/div>\r\n                    <div class=\"category-1\">In vendita<\/div>\r\n                        <div class=\"property-type\">Quadrilocale<\/div>\r\n            <\/div>\r\n    <\/a>\r\n    <div class=\"post-review\">\r\n        <h3 class=\"post-title\">\r\n            Nuovo quadrilocale con giardino        <\/h3>\r\n        <span class=\"location\"><i class=\"fa fa-map-marker-alt\" aria-hidden=\"true\"><\/i> \u00dcber Montesuello<\/span>\r\n        <p class=\"post-description\">\r\n            Proponiamo in villa composta da soli due appartamenti magnifico&hellip;        <\/p>\r\n        <hr>\r\n        <div class=\"post-bar\">\r\n                        <div class=\"detail inline-property-icons\">\n                                                                                                \n                                <span class=\"rem-info\">\n                                    <i class=\"fa fa-bed\"><\/i>\n                                    <span class=\"box-field-label\">Camere:<\/span>\n                                    <span class=\"box-field-value\">\n                                        3                                    <\/span>\n                                <\/span>\n                                                                                                                                                        \n                                <span class=\"rem-info\">\n                                    <i class=\"fa fa-square\"><\/i>\n                                    <span class=\"box-field-label\">Stanze:<\/span>\n                                    <span class=\"box-field-value\">\n                                        6                                    <\/span>\n                                <\/span>\n                                                                                                                                                                                                    \n                                <span class=\"rem-info\">\n                                    <i class=\"fa fa-bath\"><\/i>\n                                    <span class=\"box-field-label\">B\u00e4der:<\/span>\n                                    <span class=\"box-field-value\">\n                                        2                                    <\/span>\n                                <\/span>\n                                                                                                                                <\/div>\n                    <div class=\"footer-buttons\">\r\n                            <a target=\"\" class=\"btn btn-default\" href=\"https:\/\/oikoscasa.com\/de\/immobili\/nuovo-quadrilocale-con-giardino\/\">\n                    Details                <\/a>\n                            <\/div>\r\n        <\/div>\r\n    <\/div>\r\n<\/div><\/div><\/div><div class=\"text-center rem-pagination-wrap\"><\/div>\t<\/div>\n\t<\/div>\n\t\t\t\t\t\t<\/div>\n\t\t\t\t\t<\/div>\n\t\t\t\t<\/div>\n\t\t<div class=\"elementor-element elementor-element-6fca658 e-flex e-con-boxed e-con e-parent\" data-id=\"6fca658\" data-element_type=\"container\" data-e-type=\"container\" data-settings=\"{&quot;_ha_eqh_enable&quot;:false}\">\n\t\t\t\t\t<div class=\"e-con-inner\">\n\t\t\t\t<div class=\"elementor-element elementor-element-56a1fe0 elementor-widget elementor-widget-spacer\" data-id=\"56a1fe0\" data-element_type=\"widget\" data-e-type=\"widget\" data-widget_type=\"spacer.default\">\n\t\t\t\t\t\t\t<div class=\"elementor-spacer\">\n\t\t\t<div class=\"elementor-spacer-inner\"><\/div>\n\t\t<\/div>\n\t\t\t\t\t\t<\/div>\n\t\t\t\t\t<\/div>\n\t\t\t\t<\/div>\n\t\t\t\t<\/div>\n\t\t","protected":false},"excerpt":{"rendered":"<p>Doppelhaush\u00e4lfte Desenzano del Garda &#8211; Via dei Melograni Doppelhaush\u00e4lfte in Desenzano del Garda im Bau In Desenzano del Garda entsteht eine elegante Doppelhaush\u00e4lfte, die zeitgen\u00f6ssische Architektur, Wohnkomfort und Privatsph\u00e4re vereint. Dieses Neubauprojekt ist bis ins kleinste Detail durchdacht und bietet gro\u00dfz\u00fcgige Wohnfl\u00e4chen, private G\u00e4rten und einen Gemeinschaftspool. Die Doppelhaush\u00e4lfte befindet sich in einer ruhigen und [&hellip;]<\/p>\n","protected":false},"author":2,"featured_media":0,"parent":0,"menu_order":0,"comment_status":"closed","ping_status":"closed","template":"","meta":{"footnotes":""},"class_list":["post-29312","page","type-page","status-publish","hentry"],"_links":{"self":[{"href":"https:\/\/oikoscasa.com\/de\/wp-json\/wp\/v2\/pages\/29312","targetHints":{"allow":["GET"]}}],"collection":[{"href":"https:\/\/oikoscasa.com\/de\/wp-json\/wp\/v2\/pages"}],"about":[{"href":"https:\/\/oikoscasa.com\/de\/wp-json\/wp\/v2\/types\/page"}],"author":[{"embeddable":true,"href":"https:\/\/oikoscasa.com\/de\/wp-json\/wp\/v2\/users\/2"}],"replies":[{"embeddable":true,"href":"https:\/\/oikoscasa.com\/de\/wp-json\/wp\/v2\/comments?post=29312"}],"version-history":[{"count":0,"href":"https:\/\/oikoscasa.com\/de\/wp-json\/wp\/v2\/pages\/29312\/revisions"}],"wp:attachment":[{"href":"https:\/\/oikoscasa.com\/de\/wp-json\/wp\/v2\/media?parent=29312"}],"curies":[{"name":"wp","href":"https:\/\/api.w.org\/{rel}","templated":true}]}}