{"id":29316,"date":"2025-11-13T21:55:09","date_gmt":"2025-11-13T20:55:09","guid":{"rendered":"https:\/\/oikoscasa.com\/villa-biasi\/"},"modified":"2025-11-24T12:35:29","modified_gmt":"2025-11-24T11:35:29","slug":"villa-biasi","status":"publish","type":"page","link":"https:\/\/oikoscasa.com\/de\/villa-biasi\/","title":{"rendered":"Villa Biasi"},"content":{"rendered":"\t\t<div data-elementor-type=\"wp-page\" data-elementor-id=\"29316\" class=\"elementor elementor-29316 elementor-29161\" data-elementor-settings=\"{&quot;ha_cmc_init_switcher&quot;:&quot;no&quot;}\" data-elementor-post-type=\"page\">\n\t\t\t\t<div class=\"elementor-element elementor-element-76ab741 e-flex e-con-boxed e-con e-parent\" data-id=\"76ab741\" data-element_type=\"container\" data-e-type=\"container\" data-settings=\"{&quot;_ha_eqh_enable&quot;:false}\">\n\t\t\t\t\t<div class=\"e-con-inner\">\n\t\t\t\t<div class=\"elementor-element elementor-element-54fc264 elementor-widget elementor-widget-spacer\" data-id=\"54fc264\" data-element_type=\"widget\" data-e-type=\"widget\" data-widget_type=\"spacer.default\">\n\t\t\t\t\t\t\t<div class=\"elementor-spacer\">\n\t\t\t<div class=\"elementor-spacer-inner\"><\/div>\n\t\t<\/div>\n\t\t\t\t\t\t<\/div>\n\t\t\t\t<div class=\"elementor-element elementor-element-538d3c0 elementor-widget elementor-widget-heading\" data-id=\"538d3c0\" data-element_type=\"widget\" data-e-type=\"widget\" data-widget_type=\"heading.default\">\n\t\t\t\t\t<h1 class=\"elementor-heading-title elementor-size-default\">Villa Biasi<\/h1>\t\t\t\t<\/div>\n\t\t\t\t<div class=\"elementor-element elementor-element-9a9736c elementor-widget elementor-widget-spacer\" data-id=\"9a9736c\" data-element_type=\"widget\" data-e-type=\"widget\" data-widget_type=\"spacer.default\">\n\t\t\t\t\t\t\t<div class=\"elementor-spacer\">\n\t\t\t<div class=\"elementor-spacer-inner\"><\/div>\n\t\t<\/div>\n\t\t\t\t\t\t<\/div>\n\t\t\t\t\t<\/div>\n\t\t\t\t<\/div>\n\t\t<div class=\"elementor-element elementor-element-d9ff923 e-con-full e-flex e-con e-parent\" data-id=\"d9ff923\" data-element_type=\"container\" data-e-type=\"container\" data-settings=\"{&quot;background_background&quot;:&quot;slideshow&quot;,&quot;background_slideshow_gallery&quot;:[{&quot;id&quot;:29317,&quot;url&quot;:&quot;https:\\\/\\\/oikoscasa.com\\\/wp-content\\\/uploads\\\/2025\\\/11\\\/villa-biasi.jpg&quot;},{&quot;id&quot;:29318,&quot;url&quot;:&quot;https:\\\/\\\/oikoscasa.com\\\/wp-content\\\/uploads\\\/2025\\\/11\\\/villa-biasi2.jpg&quot;},{&quot;id&quot;:29319,&quot;url&quot;:&quot;https:\\\/\\\/oikoscasa.com\\\/wp-content\\\/uploads\\\/2025\\\/11\\\/villa-biasi3.jpg&quot;}],&quot;background_slideshow_loop&quot;:&quot;yes&quot;,&quot;background_slideshow_slide_duration&quot;:5000,&quot;background_slideshow_slide_transition&quot;:&quot;fade&quot;,&quot;background_slideshow_transition_duration&quot;:500,&quot;_ha_eqh_enable&quot;:false}\">\n\t\t\t\t<\/div>\n\t\t<div class=\"elementor-element elementor-element-b500cdd e-flex e-con-boxed e-con e-parent\" data-id=\"b500cdd\" data-element_type=\"container\" data-e-type=\"container\" data-settings=\"{&quot;_ha_eqh_enable&quot;:false}\">\n\t\t\t\t\t<div class=\"e-con-inner\">\n\t\t\t\t<div class=\"elementor-element elementor-element-d415db0 elementor-widget elementor-widget-spacer\" data-id=\"d415db0\" data-element_type=\"widget\" data-e-type=\"widget\" data-widget_type=\"spacer.default\">\n\t\t\t\t\t\t\t<div class=\"elementor-spacer\">\n\t\t\t<div class=\"elementor-spacer-inner\"><\/div>\n\t\t<\/div>\n\t\t\t\t\t\t<\/div>\n\t\t\t\t\t<\/div>\n\t\t\t\t<\/div>\n\t\t<div class=\"elementor-element elementor-element-4cf434d e-flex e-con-boxed e-con e-parent\" data-id=\"4cf434d\" data-element_type=\"container\" data-e-type=\"container\" data-settings=\"{&quot;_ha_eqh_enable&quot;:false}\">\n\t\t\t\t\t<div class=\"e-con-inner\">\n\t\t<div class=\"elementor-element elementor-element-42f6c3a e-con-full e-flex e-con e-child\" data-id=\"42f6c3a\" data-element_type=\"container\" data-e-type=\"container\" data-settings=\"{&quot;_ha_eqh_enable&quot;:false}\">\n\t\t\t\t<div class=\"elementor-element elementor-element-3a33ed2 elementor-widget elementor-widget-text-editor\" data-id=\"3a33ed2\" data-element_type=\"widget\" data-e-type=\"widget\" data-widget_type=\"text-editor.default\">\n\t\t\t\t\t\t\t\t\t<p>In Desenzano del Garda, nur wenige Minuten vom Zentrum, dem See und den wichtigsten Verkehrsanbindungen entfernt.<\/p><p>Wohnliche Ruhe und urbaner Komfort treffen in Villa Biasi aufeinander. Nur drei unabh\u00e4ngige Wohnungen, eine pro Etage, frei auf allen Seiten: maximale Privatsph\u00e4re, nat\u00fcrliches Licht und eine luftige Atmosph\u00e4re in jedem Raum. <\/p><p>Fortschrittliche Technologie und nat\u00fcrliche Materialien garantieren Effizienz, Komfort und Wohnqualit\u00e4t. Gro\u00dfz\u00fcgige Terrassen und Au\u00dfenbereiche erweitern das Haus und betonen das Licht. <\/p>\t\t\t\t\t\t\t\t<\/div>\n\t\t\t\t<\/div>\n\t\t<div class=\"elementor-element elementor-element-779efa3 e-con-full e-flex e-con e-child\" data-id=\"779efa3\" data-element_type=\"container\" data-e-type=\"container\" data-settings=\"{&quot;_ha_eqh_enable&quot;:false}\">\n\t\t\t\t<div class=\"elementor-element elementor-element-68e7458 elementor-widget elementor-widget-google_maps\" data-id=\"68e7458\" data-element_type=\"widget\" data-e-type=\"widget\" data-widget_type=\"google_maps.default\">\n\t\t\t\t\t\t\t<div class=\"elementor-custom-embed\">\n\t\t\t<iframe loading=\"lazy\"\n\t\t\t\t\tsrc=\"https:\/\/www.google.com\/maps\/embed\/v1\/place?key=AIzaSyAD7L9Eb6Dbf-p0mN4SwFiQ0D1MXfxl3Jw&#038;q=Via%20Dante%20Alighieri%2C%20Desenzano%20del%20Garda&#038;zoom=16\"\n\t\t\t\t\ttitle=\"Via Dante Alighieri, Desenzano del Garda\"\n\t\t\t\t\taria-label=\"Via Dante Alighieri, Desenzano del Garda\"\n\t\t\t><\/iframe>\n\t\t<\/div>\n\t\t\t\t\t\t<\/div>\n\t\t\t\t<\/div>\n\t\t\t\t\t<\/div>\n\t\t\t\t<\/div>\n\t\t<div class=\"elementor-element elementor-element-cf72519 e-flex e-con-boxed e-con e-parent\" data-id=\"cf72519\" data-element_type=\"container\" data-e-type=\"container\" data-settings=\"{&quot;_ha_eqh_enable&quot;:false}\">\n\t\t\t\t\t<div class=\"e-con-inner\">\n\t\t\t\t<div class=\"elementor-element elementor-element-4cfb809 elementor-widget elementor-widget-spacer\" data-id=\"4cfb809\" data-element_type=\"widget\" data-e-type=\"widget\" data-widget_type=\"spacer.default\">\n\t\t\t\t\t\t\t<div class=\"elementor-spacer\">\n\t\t\t<div class=\"elementor-spacer-inner\"><\/div>\n\t\t<\/div>\n\t\t\t\t\t\t<\/div>\n\t\t\t\t\t<\/div>\n\t\t\t\t<\/div>\n\t\t<div class=\"elementor-element elementor-element-a4171e3 e-flex e-con-boxed e-con e-parent\" data-id=\"a4171e3\" data-element_type=\"container\" data-e-type=\"container\" data-settings=\"{&quot;_ha_eqh_enable&quot;:false}\">\n\t\t\t\t\t<div class=\"e-con-inner\">\n\t\t\t\t<div class=\"elementor-element elementor-element-1f3428c elementor-widget elementor-widget-shortcode\" data-id=\"1f3428c\" data-element_type=\"widget\" data-e-type=\"widget\" data-widget_type=\"shortcode.default\">\n\t\t\t\t\t\t\t<div class=\"elementor-shortcode\">\n\t<div\n\t\tclass=\"ich-settings-main-wrap rem-listings-wrap-ajax-disable  rem-flex-layout\"\n\t \tdata-lstyle=\"6\"\n\t \tdata-cols=\"col-sm-6 m-item\"\n\t \tdata-paged=\"1\"\n\t \tdata-total=\"10\"\n\t>\n\n\n\t\t\n\t<div class=\"row \"><div id=\"property-12178\"  class=\"col-sm-6 m-item post-12178 rem_property type-rem_property status-publish has-post-thumbnail hentry rem_property_tag-villabiasi\"><div class=\"propery-style-6\">\r\n        <a target=\"\" href=\"https:\/\/oikoscasa.com\/de\/immobili\/neue-vier-zimmer-wohnung-im-ersten-stock\/\">\r\n    <div class=\"post-img image image-fill\">\r\n        <img fetchpriority=\"high\" decoding=\"async\" width=\"768\" height=\"432\" src=\"https:\/\/oikoscasa.com\/wp-content\/uploads\/2023\/10\/IMG-20240319-WA0005-1-768x432.jpg\" class=\"img-responsive rem-f-image wp-post-image\" alt=\"IMG-20240319-WA0005\" data-pid=\"12178\" srcset=\"https:\/\/oikoscasa.com\/wp-content\/uploads\/2023\/10\/IMG-20240319-WA0005-1-768x432.jpg 768w, https:\/\/oikoscasa.com\/wp-content\/uploads\/2023\/10\/IMG-20240319-WA0005-1-300x169.jpg 300w, https:\/\/oikoscasa.com\/wp-content\/uploads\/2023\/10\/IMG-20240319-WA0005-1-1024x576.jpg 1024w, https:\/\/oikoscasa.com\/wp-content\/uploads\/2023\/10\/IMG-20240319-WA0005-1.jpg 1280w\" sizes=\"(max-width: 768px) 100vw, 768px\" title=\"\">        <div class=\"category\">\r\n            <span class=\"price\">\r\n                                    <span class=\"rem-price-amount\"><span class=\"rem-currency-symbol\">&euro;<\/span>&nbsp;790.000<\/span>                            <\/span>\r\n            <span>Desenzano del Garda<\/span>\r\n        <\/div>\r\n                    <div class=\"category-1\">In vendita<\/div>\r\n                        <div class=\"property-type\">Quadrilocale<\/div>\r\n            <\/div>\r\n    <\/a>\r\n    <div class=\"post-review\">\r\n        <h3 class=\"post-title\">\r\n            Neue Vier-Zimmer-Wohnung im ersten Stock        <\/h3>\r\n        <span class=\"location\"><i class=\"fa fa-map-marker-alt\" aria-hidden=\"true\"><\/i> Stra\u00dfe Dante Alighieri<\/span>\r\n        <p class=\"post-description\">\r\n            OIkos Immobiliare propone in esclusiva nuova realizzazione di palazzina&hellip;        <\/p>\r\n        <hr>\r\n        <div class=\"post-bar\">\r\n                        <div class=\"detail inline-property-icons\">\n                                                                                                \n                                <span class=\"rem-info\">\n                                    <i class=\"fa fa-bed\"><\/i>\n                                    <span class=\"box-field-label\">Camere:<\/span>\n                                    <span class=\"box-field-value\">\n                                        3                                    <\/span>\n                                <\/span>\n                                                                                                                                                                                                                                                \n                                <span class=\"rem-info\">\n                                    <i class=\"fa fa-bath\"><\/i>\n                                    <span class=\"box-field-label\">B\u00e4der:<\/span>\n                                    <span class=\"box-field-value\">\n                                        2                                    <\/span>\n                                <\/span>\n                                                                                                                                <\/div>\n                    <div class=\"footer-buttons\">\r\n                            <a target=\"\" class=\"btn btn-default\" href=\"https:\/\/oikoscasa.com\/de\/immobili\/neue-vier-zimmer-wohnung-im-ersten-stock\/\">\n                    Details                <\/a>\n                            <\/div>\r\n        <\/div>\r\n    <\/div>\r\n<\/div><\/div><div id=\"property-12155\"  class=\"col-sm-6 m-item post-12155 rem_property type-rem_property status-publish has-post-thumbnail hentry rem_property_tag-villabiasi\"><div class=\"propery-style-6\">\r\n        <a target=\"\" href=\"https:\/\/oikoscasa.com\/de\/immobili\/neue-vier-zimmer-erdgeschosswohnung-mit-garten\/\">\r\n    <div class=\"post-img image image-fill\">\r\n        <img decoding=\"async\" width=\"768\" height=\"357\" src=\"https:\/\/oikoscasa.com\/wp-content\/uploads\/2023\/10\/PIANO-TERRA01-768x357.png\" class=\"img-responsive rem-f-image wp-post-image\" alt=\"PIANO TERRA01\" data-pid=\"12155\" srcset=\"https:\/\/oikoscasa.com\/wp-content\/uploads\/2023\/10\/PIANO-TERRA01-768x357.png 768w, https:\/\/oikoscasa.com\/wp-content\/uploads\/2023\/10\/PIANO-TERRA01-300x140.png 300w, https:\/\/oikoscasa.com\/wp-content\/uploads\/2023\/10\/PIANO-TERRA01-1024x476.png 1024w, https:\/\/oikoscasa.com\/wp-content\/uploads\/2023\/10\/PIANO-TERRA01-1536x714.png 1536w, https:\/\/oikoscasa.com\/wp-content\/uploads\/2023\/10\/PIANO-TERRA01-2048x952.png 2048w\" sizes=\"(max-width: 768px) 100vw, 768px\" title=\"\">        <div class=\"category\">\r\n            <span class=\"price\">\r\n                                    <span class=\"rem-price-amount\"><span class=\"rem-currency-symbol\">&euro;<\/span>&nbsp;925.000<\/span>                            <\/span>\r\n            <span>Desenzano del Garda<\/span>\r\n        <\/div>\r\n                    <div class=\"category-1\">In vendita<\/div>\r\n                        <div class=\"property-type\">Quadrilocale<\/div>\r\n            <\/div>\r\n    <\/a>\r\n    <div class=\"post-review\">\r\n        <h3 class=\"post-title\">\r\n            Neue Vier-Zimmer-Erdgeschosswohnung mit Garten        <\/h3>\r\n        <span class=\"location\"><i class=\"fa fa-map-marker-alt\" aria-hidden=\"true\"><\/i> Stra\u00dfe Dante Alighieri<\/span>\r\n        <p class=\"post-description\">\r\n            In nuova piccola e prestigiosa palazzina in zona centrale&hellip;        <\/p>\r\n        <hr>\r\n        <div class=\"post-bar\">\r\n                        <div class=\"detail inline-property-icons\">\n                                                                                                \n                                <span class=\"rem-info\">\n                                    <i class=\"fa fa-bed\"><\/i>\n                                    <span class=\"box-field-label\">Camere:<\/span>\n                                    <span class=\"box-field-value\">\n                                        3                                    <\/span>\n                                <\/span>\n                                                                                                                                                                                                                                                \n                                <span class=\"rem-info\">\n                                    <i class=\"fa fa-bath\"><\/i>\n                                    <span class=\"box-field-label\">B\u00e4der:<\/span>\n                                    <span class=\"box-field-value\">\n                                        2                                    <\/span>\n                                <\/span>\n                                                                                                                                <\/div>\n                    <div class=\"footer-buttons\">\r\n                            <a target=\"\" class=\"btn btn-default\" href=\"https:\/\/oikoscasa.com\/de\/immobili\/neue-vier-zimmer-erdgeschosswohnung-mit-garten\/\">\n                    Details                <\/a>\n                            <\/div>\r\n        <\/div>\r\n    <\/div>\r\n<\/div><\/div><div id=\"property-12169\"  class=\"col-sm-6 m-item post-12169 rem_property type-rem_property status-publish has-post-thumbnail hentry rem_property_tag-villabiasi\"><div class=\"propery-style-6\">\r\n        <a target=\"\" href=\"https:\/\/oikoscasa.com\/de\/immobili\/prestigetraechtiges-neues-penthouse\/\">\r\n    <div class=\"post-img image image-fill\">\r\n        <img decoding=\"async\" width=\"768\" height=\"370\" src=\"https:\/\/oikoscasa.com\/wp-content\/uploads\/2023\/10\/ATTICO01-768x370.png\" class=\"img-responsive rem-f-image wp-post-image\" alt=\"ATTICO01\" data-pid=\"12169\" srcset=\"https:\/\/oikoscasa.com\/wp-content\/uploads\/2023\/10\/ATTICO01-768x370.png 768w, https:\/\/oikoscasa.com\/wp-content\/uploads\/2023\/10\/ATTICO01-300x144.png 300w, https:\/\/oikoscasa.com\/wp-content\/uploads\/2023\/10\/ATTICO01-1024x493.png 1024w, https:\/\/oikoscasa.com\/wp-content\/uploads\/2023\/10\/ATTICO01-1536x739.png 1536w, https:\/\/oikoscasa.com\/wp-content\/uploads\/2023\/10\/ATTICO01-2048x986.png 2048w\" sizes=\"(max-width: 768px) 100vw, 768px\" title=\"\">        <div class=\"category\">\r\n            <span class=\"price\">\r\n                                    <span class=\"rem-price-amount\"><span class=\"rem-currency-symbol\">&euro;<\/span>&nbsp;1.300.000<\/span>                            <\/span>\r\n            <span>Desenzano del Garda<\/span>\r\n        <\/div>\r\n                    <div class=\"category-1\">In vendita<\/div>\r\n                        <div class=\"property-type\">Attico<\/div>\r\n            <\/div>\r\n    <\/a>\r\n    <div class=\"post-review\">\r\n        <h3 class=\"post-title\">\r\n            Prestigioso attico nuovo a Desenzano del Garda        <\/h3>\r\n        <span class=\"location\"><i class=\"fa fa-map-marker-alt\" aria-hidden=\"true\"><\/i> Stra\u00dfe Dante Alighieri<\/span>\r\n        <p class=\"post-description\">\r\n            Proponiamo in esclusiva meraviglioso ATTICO con super attico in&hellip;        <\/p>\r\n        <hr>\r\n        <div class=\"post-bar\">\r\n                        <div class=\"detail inline-property-icons\">\n                                                                                                \n                                <span class=\"rem-info\">\n                                    <i class=\"fa fa-bed\"><\/i>\n                                    <span class=\"box-field-label\">Camere:<\/span>\n                                    <span class=\"box-field-value\">\n                                        3                                    <\/span>\n                                <\/span>\n                                                                                                                                                                                                                                                \n                                <span class=\"rem-info\">\n                                    <i class=\"fa fa-bath\"><\/i>\n                                    <span class=\"box-field-label\">B\u00e4der:<\/span>\n                                    <span class=\"box-field-value\">\n                                        2                                    <\/span>\n                                <\/span>\n                                                                                                                                <\/div>\n                    <div class=\"footer-buttons\">\r\n                            <a target=\"\" class=\"btn btn-default\" href=\"https:\/\/oikoscasa.com\/de\/immobili\/prestigetraechtiges-neues-penthouse\/\">\n                    Details                <\/a>\n                            <\/div>\r\n        <\/div>\r\n    <\/div>\r\n<\/div><\/div><\/div><div class=\"text-center rem-pagination-wrap\"><\/div>\t<\/div>\n\t<\/div>\n\t\t\t\t\t\t<\/div>\n\t\t\t\t\t<\/div>\n\t\t\t\t<\/div>\n\t\t<div class=\"elementor-element elementor-element-92adc6b e-flex e-con-boxed e-con e-parent\" data-id=\"92adc6b\" data-element_type=\"container\" data-e-type=\"container\" data-settings=\"{&quot;_ha_eqh_enable&quot;:false}\">\n\t\t\t\t\t<div class=\"e-con-inner\">\n\t\t\t\t<div class=\"elementor-element elementor-element-e4b78ca elementor-widget elementor-widget-spacer\" data-id=\"e4b78ca\" data-element_type=\"widget\" data-e-type=\"widget\" data-widget_type=\"spacer.default\">\n\t\t\t\t\t\t\t<div class=\"elementor-spacer\">\n\t\t\t<div class=\"elementor-spacer-inner\"><\/div>\n\t\t<\/div>\n\t\t\t\t\t\t<\/div>\n\t\t\t\t\t<\/div>\n\t\t\t\t<\/div>\n\t\t\t\t<\/div>\n\t\t","protected":false},"excerpt":{"rendered":"<p>Villa Biasi In Desenzano del Garda, nur wenige Minuten vom Zentrum, dem See und den wichtigsten Verkehrsanbindungen entfernt. Wohnliche Ruhe und urbaner Komfort treffen in Villa Biasi aufeinander. Nur drei unabh\u00e4ngige Wohnungen, eine pro Etage, frei auf allen Seiten: maximale Privatsph\u00e4re, nat\u00fcrliches Licht und eine luftige Atmosph\u00e4re in jedem Raum. Fortschrittliche Technologie und nat\u00fcrliche Materialien [&hellip;]<\/p>\n","protected":false},"author":2,"featured_media":0,"parent":0,"menu_order":0,"comment_status":"closed","ping_status":"closed","template":"elementor_header_footer","meta":{"footnotes":""},"class_list":["post-29316","page","type-page","status-publish","hentry"],"_links":{"self":[{"href":"https:\/\/oikoscasa.com\/de\/wp-json\/wp\/v2\/pages\/29316","targetHints":{"allow":["GET"]}}],"collection":[{"href":"https:\/\/oikoscasa.com\/de\/wp-json\/wp\/v2\/pages"}],"about":[{"href":"https:\/\/oikoscasa.com\/de\/wp-json\/wp\/v2\/types\/page"}],"author":[{"embeddable":true,"href":"https:\/\/oikoscasa.com\/de\/wp-json\/wp\/v2\/users\/2"}],"replies":[{"embeddable":true,"href":"https:\/\/oikoscasa.com\/de\/wp-json\/wp\/v2\/comments?post=29316"}],"version-history":[{"count":0,"href":"https:\/\/oikoscasa.com\/de\/wp-json\/wp\/v2\/pages\/29316\/revisions"}],"wp:attachment":[{"href":"https:\/\/oikoscasa.com\/de\/wp-json\/wp\/v2\/media?parent=29316"}],"curies":[{"name":"wp","href":"https:\/\/api.w.org\/{rel}","templated":true}]}}