{"id":29359,"date":"2025-10-20T21:35:58","date_gmt":"2025-10-20T19:35:58","guid":{"rendered":"https:\/\/oikoscasa.com\/neue-bauprojekte\/"},"modified":"2026-03-26T15:51:30","modified_gmt":"2026-03-26T14:51:30","slug":"neue-bauprojekte","status":"publish","type":"page","link":"https:\/\/oikoscasa.com\/de\/neue-bauprojekte\/","title":{"rendered":"Neue Bauprojekte"},"content":{"rendered":"\t\t<div data-elementor-type=\"wp-page\" data-elementor-id=\"29359\" class=\"elementor elementor-29359 elementor-27333\" data-elementor-settings=\"{&quot;ha_cmc_init_switcher&quot;:&quot;no&quot;}\" data-elementor-post-type=\"page\">\n\t\t\t\t<div class=\"elementor-element elementor-element-ab60167 e-flex e-con-boxed e-con e-parent\" data-id=\"ab60167\" data-element_type=\"container\" data-e-type=\"container\" data-settings=\"{&quot;_ha_eqh_enable&quot;:false}\">\n\t\t\t\t\t<div class=\"e-con-inner\">\n\t\t<div class=\"elementor-element elementor-element-9a8ab65 e-con-full e-flex e-con e-child\" data-id=\"9a8ab65\" data-element_type=\"container\" data-e-type=\"container\" data-settings=\"{&quot;_ha_eqh_enable&quot;:false}\">\n\t\t\t\t<div class=\"elementor-element elementor-element-282d413 elementor-widget elementor-widget-spacer\" data-id=\"282d413\" data-element_type=\"widget\" data-e-type=\"widget\" data-widget_type=\"spacer.default\">\n\t\t\t\t\t\t\t<div class=\"elementor-spacer\">\n\t\t\t<div class=\"elementor-spacer-inner\"><\/div>\n\t\t<\/div>\n\t\t\t\t\t\t<\/div>\n\t\t\t\t<div class=\"elementor-element elementor-element-f945b03 elementor-widget elementor-widget-heading\" data-id=\"f945b03\" data-element_type=\"widget\" data-e-type=\"widget\" data-widget_type=\"heading.default\">\n\t\t\t\t\t<h1 class=\"elementor-heading-title elementor-size-default\">H\u00e4user im Bau in Desenzano und am Gardasee<\/h1>\t\t\t\t<\/div>\n\t\t\t\t<div class=\"elementor-element elementor-element-5aabd18 elementor-widget elementor-widget-spacer\" data-id=\"5aabd18\" data-element_type=\"widget\" data-e-type=\"widget\" data-widget_type=\"spacer.default\">\n\t\t\t\t\t\t\t<div class=\"elementor-spacer\">\n\t\t\t<div class=\"elementor-spacer-inner\"><\/div>\n\t\t<\/div>\n\t\t\t\t\t\t<\/div>\n\t\t\t\t<div class=\"elementor-element elementor-element-789ac8a elementor-widget elementor-widget-text-editor\" data-id=\"789ac8a\" data-element_type=\"widget\" data-e-type=\"widget\" data-widget_type=\"text-editor.default\">\n\t\t\t\t\t\t\t\t\t<p style=\"text-align: center;\">Jedes Projekt beginnt mit einer Vision: R\u00e4ume zu schaffen, die zum Leben und vertrauensvollen Investieren gedacht sind.<\/p><p style=\"text-align: center;\">Entdecken Sie die besten H\u00e4user im Bau in Desenzano del Garda und am Gardasee. OIKOS Immobiliare bietet neue Bauprojekte mit modernen Wohnungen, Villen und Wohnl\u00f6sungen, die darauf ausgelegt sind, Komfort, Energieeffizienz und Lebensqualit\u00e4t zu garantieren. <\/p>\t\t\t\t\t\t\t\t<\/div>\n\t\t\t\t<div class=\"elementor-element elementor-element-294fc71 elementor-widget elementor-widget-spacer\" data-id=\"294fc71\" data-element_type=\"widget\" data-e-type=\"widget\" data-widget_type=\"spacer.default\">\n\t\t\t\t\t\t\t<div class=\"elementor-spacer\">\n\t\t\t<div class=\"elementor-spacer-inner\"><\/div>\n\t\t<\/div>\n\t\t\t\t\t\t<\/div>\n\t\t\t\t<\/div>\n\t\t\t\t\t<\/div>\n\t\t\t\t<\/div>\n\t\t<div class=\"elementor-element elementor-element-108267a e-grid e-con-boxed e-con e-parent\" data-id=\"108267a\" data-element_type=\"container\" data-e-type=\"container\" data-settings=\"{&quot;_ha_eqh_enable&quot;:false}\">\n\t\t\t\t\t<div class=\"e-con-inner\">\n\t\t<div class=\"elementor-element elementor-element-966380a e-con-full e-flex e-con e-child\" data-id=\"966380a\" data-element_type=\"container\" data-e-type=\"container\" data-settings=\"{&quot;_ha_eqh_enable&quot;:false}\">\n\t\t\t\t<div class=\"elementor-element elementor-element-cb6b972 elementor-widget elementor-widget-image\" data-id=\"cb6b972\" data-element_type=\"widget\" data-e-type=\"widget\" data-widget_type=\"image.default\">\n\t\t\t\t\t\t\t\t\t\t\t\t\t\t\t\t<a href=\"https:\/\/oikoscasa.com\/de\/die-residenzen-des-borgo\/\">\n\t\t\t\t\t\t\t<img decoding=\"async\" src=\"https:\/\/oikoscasa.com\/wp-content\/uploads\/elementor\/thumbs\/borgo_progetto-ritjt2erd3re3yt6i5kvsuflooodtlf5o15dc7sdc8.jpg\" title=\"Borgo-Projekt\" alt=\"Borgo-Projekt\" loading=\"lazy\" \/>\t\t\t\t\t\t\t\t<\/a>\n\t\t\t\t\t\t\t\t\t\t\t\t\t\t\t<\/div>\n\t\t\t\t<div class=\"elementor-element elementor-element-056d8f3 elementor-widget elementor-widget-heading\" data-id=\"056d8f3\" data-element_type=\"widget\" data-e-type=\"widget\" data-widget_type=\"heading.default\">\n\t\t\t\t\t<h4 class=\"elementor-heading-title elementor-size-default\"><a href=\"https:\/\/oikoscasa.com\/de\/die-residenzen-des-borgo\/\">Die Residenzen des Borgo<\/a><\/h4>\t\t\t\t<\/div>\n\t\t\t\t<div class=\"elementor-element elementor-element-eec5ab6 elementor-widget elementor-widget-spacer\" data-id=\"eec5ab6\" data-element_type=\"widget\" data-e-type=\"widget\" data-widget_type=\"spacer.default\">\n\t\t\t\t\t\t\t<div class=\"elementor-spacer\">\n\t\t\t<div class=\"elementor-spacer-inner\"><\/div>\n\t\t<\/div>\n\t\t\t\t\t\t<\/div>\n\t\t\t\t<\/div>\n\t\t<div class=\"elementor-element elementor-element-9d5d580 e-con-full e-flex e-con e-child\" data-id=\"9d5d580\" data-element_type=\"container\" data-e-type=\"container\" data-settings=\"{&quot;_ha_eqh_enable&quot;:false}\">\n\t\t\t\t<div class=\"elementor-element elementor-element-5827f99 elementor-widget elementor-widget-image\" data-id=\"5827f99\" data-element_type=\"widget\" data-e-type=\"widget\" data-widget_type=\"image.default\">\n\t\t\t\t\t\t\t\t\t\t\t\t\t\t\t\t<a href=\"https:\/\/oikoscasa.com\/de\/villa-biasi\/\">\n\t\t\t\t\t\t\t<img decoding=\"async\" src=\"https:\/\/oikoscasa.com\/wp-content\/uploads\/elementor\/thumbs\/biasi_progetto-ritjt2erd3re3yt6i5kvsuflooodtlf5o15dc7sdc8.jpg\" title=\"Biasi-Projekt\" alt=\"Biasi-Projekt\" loading=\"lazy\" \/>\t\t\t\t\t\t\t\t<\/a>\n\t\t\t\t\t\t\t\t\t\t\t\t\t\t\t<\/div>\n\t\t\t\t<div class=\"elementor-element elementor-element-7569df6 elementor-widget elementor-widget-heading\" data-id=\"7569df6\" data-element_type=\"widget\" data-e-type=\"widget\" data-widget_type=\"heading.default\">\n\t\t\t\t\t<h4 class=\"elementor-heading-title elementor-size-default\"><a href=\"https:\/\/oikoscasa.com\/de\/villa-biasi\/\">Villa Biasi<\/a><\/h4>\t\t\t\t<\/div>\n\t\t\t\t<div class=\"elementor-element elementor-element-cbf6de8 elementor-widget elementor-widget-spacer\" data-id=\"cbf6de8\" data-element_type=\"widget\" data-e-type=\"widget\" data-widget_type=\"spacer.default\">\n\t\t\t\t\t\t\t<div class=\"elementor-spacer\">\n\t\t\t<div class=\"elementor-spacer-inner\"><\/div>\n\t\t<\/div>\n\t\t\t\t\t\t<\/div>\n\t\t\t\t<\/div>\n\t\t<div class=\"elementor-element elementor-element-aa595f1 e-con-full e-flex e-con e-child\" data-id=\"aa595f1\" data-element_type=\"container\" data-e-type=\"container\" data-settings=\"{&quot;_ha_eqh_enable&quot;:false}\">\n\t\t\t\t<div class=\"elementor-element elementor-element-000859f elementor-widget elementor-widget-image\" data-id=\"000859f\" data-element_type=\"widget\" data-e-type=\"widget\" data-widget_type=\"image.default\">\n\t\t\t\t\t\t\t\t\t\t\t\t\t\t\t\t<a href=\"https:\/\/oikoscasa.com\/via-dei-melograni\/\">\n\t\t\t\t\t\t\t<img decoding=\"async\" src=\"https:\/\/oikoscasa.com\/wp-content\/uploads\/elementor\/thumbs\/melograni_progetto-ritjt2erd3re3yt6i5kvsuflooodtlf5o15dc7sdc8.jpg\" title=\"Melograni-Projekt\" alt=\"Melograni-Projekt\" loading=\"lazy\" \/>\t\t\t\t\t\t\t\t<\/a>\n\t\t\t\t\t\t\t\t\t\t\t\t\t\t\t<\/div>\n\t\t\t\t<div class=\"elementor-element elementor-element-057f815 elementor-widget elementor-widget-heading\" data-id=\"057f815\" data-element_type=\"widget\" data-e-type=\"widget\" data-widget_type=\"heading.default\">\n\t\t\t\t\t<h4 class=\"elementor-heading-title elementor-size-default\"><a href=\"https:\/\/oikoscasa.com\/via-dei-melograni\/\">Via dei Melograni<\/a><\/h4>\t\t\t\t<\/div>\n\t\t\t\t<div class=\"elementor-element elementor-element-d314981 elementor-widget elementor-widget-spacer\" data-id=\"d314981\" data-element_type=\"widget\" data-e-type=\"widget\" data-widget_type=\"spacer.default\">\n\t\t\t\t\t\t\t<div class=\"elementor-spacer\">\n\t\t\t<div class=\"elementor-spacer-inner\"><\/div>\n\t\t<\/div>\n\t\t\t\t\t\t<\/div>\n\t\t\t\t<\/div>\n\t\t<div class=\"elementor-element elementor-element-f1030e4 e-con-full e-flex e-con e-child\" data-id=\"f1030e4\" data-element_type=\"container\" data-e-type=\"container\" data-settings=\"{&quot;_ha_eqh_enable&quot;:false}\">\n\t\t\t\t<div class=\"elementor-element elementor-element-088bf05 elementor-widget elementor-widget-image\" data-id=\"088bf05\" data-element_type=\"widget\" data-e-type=\"widget\" data-widget_type=\"image.default\">\n\t\t\t\t\t\t\t\t\t\t\t\t\t\t\t\t<a href=\"https:\/\/oikoscasa.com\/de\/stadtviertel-santangela\/\">\n\t\t\t\t\t\t\t<img decoding=\"async\" src=\"https:\/\/oikoscasa.com\/wp-content\/uploads\/elementor\/thumbs\/angela_progetto-ritjt2erd3re3yt6i5kvsuflooodtlf5o15dc7sdc8.jpg\" title=\"Angela-Projekt\" alt=\"Angela-Projekt\" loading=\"lazy\" \/>\t\t\t\t\t\t\t\t<\/a>\n\t\t\t\t\t\t\t\t\t\t\t\t\t\t\t<\/div>\n\t\t\t\t<div class=\"elementor-element elementor-element-ba82408 elementor-widget elementor-widget-heading\" data-id=\"ba82408\" data-element_type=\"widget\" data-e-type=\"widget\" data-widget_type=\"heading.default\">\n\t\t\t\t\t<h4 class=\"elementor-heading-title elementor-size-default\"><a href=\"https:\/\/oikoscasa.com\/de\/stadtviertel-santangela\/\">Quartier Sant'Angela<\/a><\/h4>\t\t\t\t<\/div>\n\t\t\t\t<div class=\"elementor-element elementor-element-e19b986 elementor-widget elementor-widget-spacer\" data-id=\"e19b986\" data-element_type=\"widget\" data-e-type=\"widget\" data-widget_type=\"spacer.default\">\n\t\t\t\t\t\t\t<div class=\"elementor-spacer\">\n\t\t\t<div class=\"elementor-spacer-inner\"><\/div>\n\t\t<\/div>\n\t\t\t\t\t\t<\/div>\n\t\t\t\t<\/div>\n\t\t<div class=\"elementor-element elementor-element-221ce93 e-con-full e-flex e-con e-child\" data-id=\"221ce93\" data-element_type=\"container\" data-e-type=\"container\" data-settings=\"{&quot;_ha_eqh_enable&quot;:false}\">\n\t\t\t\t<div class=\"elementor-element elementor-element-3fddb23 elementor-widget elementor-widget-image\" data-id=\"3fddb23\" data-element_type=\"widget\" data-e-type=\"widget\" data-widget_type=\"image.default\">\n\t\t\t\t\t\t\t\t\t\t\t\t\t\t\t\t<a href=\"https:\/\/oikoscasa.com\/de\/residence-via-vaccarolo\/\">\n\t\t\t\t\t\t\t<img decoding=\"async\" src=\"https:\/\/oikoscasa.com\/wp-content\/uploads\/elementor\/thumbs\/vaccarolo-progetto-ritjt2erd3re3yt6i5kvsuflooodtlf5o15dc7sdc8.jpg\" title=\"Vaccarolo-Projekt\" alt=\"Vaccarolo-Projekt\" loading=\"lazy\" \/>\t\t\t\t\t\t\t\t<\/a>\n\t\t\t\t\t\t\t\t\t\t\t\t\t\t\t<\/div>\n\t\t\t\t<div class=\"elementor-element elementor-element-fc3269b elementor-widget elementor-widget-heading\" data-id=\"fc3269b\" data-element_type=\"widget\" data-e-type=\"widget\" data-widget_type=\"heading.default\">\n\t\t\t\t\t<h4 class=\"elementor-heading-title elementor-size-default\"><a href=\"https:\/\/oikoscasa.com\/de\/residence-via-vaccarolo\/\">Residence Via Vaccarolo<\/a><\/h4>\t\t\t\t<\/div>\n\t\t\t\t<div class=\"elementor-element elementor-element-81bc916 elementor-widget elementor-widget-spacer\" data-id=\"81bc916\" data-element_type=\"widget\" data-e-type=\"widget\" data-widget_type=\"spacer.default\">\n\t\t\t\t\t\t\t<div class=\"elementor-spacer\">\n\t\t\t<div class=\"elementor-spacer-inner\"><\/div>\n\t\t<\/div>\n\t\t\t\t\t\t<\/div>\n\t\t\t\t<\/div>\n\t\t\t\t\t<\/div>\n\t\t\t\t<\/div>\n\t\t<div class=\"elementor-element elementor-element-c10f37e e-flex e-con-boxed e-con e-parent\" data-id=\"c10f37e\" data-element_type=\"container\" data-e-type=\"container\" data-settings=\"{&quot;_ha_eqh_enable&quot;:false}\">\n\t\t\t\t\t<div class=\"e-con-inner\">\n\t\t\t\t<div class=\"elementor-element elementor-element-5326f73 elementor-widget elementor-widget-spacer\" data-id=\"5326f73\" data-element_type=\"widget\" data-e-type=\"widget\" data-widget_type=\"spacer.default\">\n\t\t\t\t\t\t\t<div class=\"elementor-spacer\">\n\t\t\t<div class=\"elementor-spacer-inner\"><\/div>\n\t\t<\/div>\n\t\t\t\t\t\t<\/div>\n\t\t\t\t\t<\/div>\n\t\t\t\t<\/div>\n\t\t<div class=\"elementor-element elementor-element-ff9703c e-flex e-con-boxed e-con e-parent\" data-id=\"ff9703c\" data-element_type=\"container\" data-e-type=\"container\" data-settings=\"{&quot;_ha_eqh_enable&quot;:false}\">\n\t\t\t\t\t<div class=\"e-con-inner\">\n\t\t\t\t<div class=\"elementor-element elementor-element-94e49f7 elementor-widget elementor-widget-heading\" data-id=\"94e49f7\" data-element_type=\"widget\" data-e-type=\"widget\" data-widget_type=\"heading.default\">\n\t\t\t\t\t<h2 class=\"elementor-heading-title elementor-size-default\">Arten von Neubauimmobilien, die Sie bei Oikos Immobiliare finden k\u00f6nnen<\/h2>\t\t\t\t<\/div>\n\t\t\t\t\t<\/div>\n\t\t\t\t<\/div>\n\t\t<div class=\"elementor-element elementor-element-607b351 e-flex e-con-boxed e-con e-parent\" data-id=\"607b351\" data-element_type=\"container\" data-e-type=\"container\" data-settings=\"{&quot;_ha_eqh_enable&quot;:false}\">\n\t\t\t\t\t<div class=\"e-con-inner\">\n\t\t\t\t<div class=\"elementor-element elementor-element-dbd90b0 elementor-widget elementor-widget-heading\" data-id=\"dbd90b0\" data-element_type=\"widget\" data-e-type=\"widget\" data-widget_type=\"heading.default\">\n\t\t\t\t\t<h4 class=\"elementor-heading-title elementor-size-default\">Neubauwohnungen in Desenzano del Garda<\/h4>\t\t\t\t<\/div>\n\t\t\t\t\t<\/div>\n\t\t\t\t<\/div>\n\t\t<div class=\"elementor-element elementor-element-c438d17 e-flex e-con-boxed e-con e-parent\" data-id=\"c438d17\" data-element_type=\"container\" data-e-type=\"container\" data-settings=\"{&quot;_ha_eqh_enable&quot;:false}\">\n\t\t\t\t\t<div class=\"e-con-inner\">\n\t\t\t\t<div class=\"elementor-element elementor-element-aab48ed elementor-widget elementor-widget-text-editor\" data-id=\"aab48ed\" data-element_type=\"widget\" data-e-type=\"widget\" data-widget_type=\"text-editor.default\">\n\t\t\t\t\t\t\t\t\t<p><strong>Neubauwohnungen in Desenzano del Garda<\/strong> sind die ideale Wahl f\u00fcr alle, die eine moderne und funktionale L\u00f6sung suchen, die sich sowohl als Erstwohnsitz als auch als Investition perfekt eignet. Die neuen Wohneinheiten bieten <strong>gut aufgeteilte R\u00e4ume, hohe Energieeffizienz und zeitgem\u00e4\u00dfe Ausstattungen<\/strong>, oft eingebettet in Wohnanlagen mit exklusiven Dienstleistungen. <\/p>\t\t\t\t\t\t\t\t<\/div>\n\t\t\t\t\t<\/div>\n\t\t\t\t<\/div>\n\t\t<div class=\"elementor-element elementor-element-3935852 e-flex e-con-boxed e-con e-parent\" data-id=\"3935852\" data-element_type=\"container\" data-e-type=\"container\" data-settings=\"{&quot;_ha_eqh_enable&quot;:false}\">\n\t\t\t\t\t<div class=\"e-con-inner\">\n\t\t\t\t<div class=\"elementor-element elementor-element-441149f elementor-widget elementor-widget-heading\" data-id=\"441149f\" data-element_type=\"widget\" data-e-type=\"widget\" data-widget_type=\"heading.default\">\n\t\t\t\t\t<h4 class=\"elementor-heading-title elementor-size-default\">Moderne Villen und Doppelhaush\u00e4lften<\/h4>\t\t\t\t<\/div>\n\t\t\t\t\t<\/div>\n\t\t\t\t<\/div>\n\t\t<div class=\"elementor-element elementor-element-614379b e-flex e-con-boxed e-con e-parent\" data-id=\"614379b\" data-element_type=\"container\" data-e-type=\"container\" data-settings=\"{&quot;_ha_eqh_enable&quot;:false}\">\n\t\t\t\t\t<div class=\"e-con-inner\">\n\t\t\t\t<div class=\"elementor-element elementor-element-5373ea0 elementor-widget elementor-widget-text-editor\" data-id=\"5373ea0\" data-element_type=\"widget\" data-e-type=\"widget\" data-widget_type=\"text-editor.default\">\n\t\t\t\t\t\t\t\t\t<p>Die <a href=\"https:\/\/oikoscasa.com\/de\/via-dei-melograni\/\"><strong>Neubauvillen in Desenzano del Garda<\/strong><\/a>, einschlie\u00dflich Doppelhaush\u00e4lften, sind f\u00fcr diejenigen konzipiert, die Unabh\u00e4ngigkeit, Privatsph\u00e4re und gro\u00dfz\u00fcgige R\u00e4umlichkeiten w\u00fcnschen. Diese Wohnl\u00f6sungen kombinieren modernes Design, private G\u00e4rten und fortschrittliche Technologien und bieten so h\u00f6chsten Wohnkomfort am Gardasee. <\/p>\t\t\t\t\t\t\t\t<\/div>\n\t\t\t\t\t<\/div>\n\t\t\t\t<\/div>\n\t\t<div class=\"elementor-element elementor-element-e6ba328 e-flex e-con-boxed e-con e-parent\" data-id=\"e6ba328\" data-element_type=\"container\" data-e-type=\"container\" data-settings=\"{&quot;_ha_eqh_enable&quot;:false}\">\n\t\t\t\t\t<div class=\"e-con-inner\">\n\t\t\t\t<div class=\"elementor-element elementor-element-651ade9 elementor-widget elementor-widget-heading\" data-id=\"651ade9\" data-element_type=\"widget\" data-e-type=\"widget\" data-widget_type=\"heading.default\">\n\t\t\t\t\t<h4 class=\"elementor-heading-title elementor-size-default\">Residenzen mit Pool am Gardasee<\/h4>\t\t\t\t<\/div>\n\t\t\t\t\t<\/div>\n\t\t\t\t<\/div>\n\t\t<div class=\"elementor-element elementor-element-88acf9b e-flex e-con-boxed e-con e-parent\" data-id=\"88acf9b\" data-element_type=\"container\" data-e-type=\"container\" data-settings=\"{&quot;_ha_eqh_enable&quot;:false}\">\n\t\t\t\t\t<div class=\"e-con-inner\">\n\t\t\t\t<div class=\"elementor-element elementor-element-4555636 elementor-widget elementor-widget-text-editor\" data-id=\"4555636\" data-element_type=\"widget\" data-e-type=\"widget\" data-widget_type=\"text-editor.default\">\n\t\t\t\t\t\t\t\t\t<p data-start=\"1319\" data-end=\"1622\"><strong>Neubauten mit Pool am Gardasee<\/strong> geh\u00f6ren zu den gefragtesten L\u00f6sungen, ideal f\u00fcr alle, die einen exklusiven Lebensstil suchen. Diese Immobilien befinden sich oft in gehobenen Wohnanlagen und bieten Annehmlichkeiten wie gemeinschaftliche oder private Pools, Gr\u00fcnfl\u00e4chen und Entspannungsbereiche. <\/p>\t\t\t\t\t\t\t\t<\/div>\n\t\t\t\t\t<\/div>\n\t\t\t\t<\/div>\n\t\t\t\t<\/div>\n\t\t","protected":false},"excerpt":{"rendered":"<p>H\u00e4user im Bau in Desenzano und am Gardasee Jedes Projekt beginnt mit einer Vision: R\u00e4ume zu schaffen, die zum Leben und vertrauensvollen Investieren gedacht sind. Entdecken Sie die besten H\u00e4user im Bau in Desenzano del Garda und am Gardasee. OIKOS Immobiliare bietet neue Bauprojekte mit modernen Wohnungen, Villen und Wohnl\u00f6sungen, die darauf ausgelegt sind, Komfort, [&hellip;]<\/p>\n","protected":false},"author":2,"featured_media":0,"parent":0,"menu_order":0,"comment_status":"closed","ping_status":"closed","template":"","meta":{"footnotes":""},"class_list":["post-29359","page","type-page","status-publish","hentry"],"_links":{"self":[{"href":"https:\/\/oikoscasa.com\/de\/wp-json\/wp\/v2\/pages\/29359","targetHints":{"allow":["GET"]}}],"collection":[{"href":"https:\/\/oikoscasa.com\/de\/wp-json\/wp\/v2\/pages"}],"about":[{"href":"https:\/\/oikoscasa.com\/de\/wp-json\/wp\/v2\/types\/page"}],"author":[{"embeddable":true,"href":"https:\/\/oikoscasa.com\/de\/wp-json\/wp\/v2\/users\/2"}],"replies":[{"embeddable":true,"href":"https:\/\/oikoscasa.com\/de\/wp-json\/wp\/v2\/comments?post=29359"}],"version-history":[{"count":0,"href":"https:\/\/oikoscasa.com\/de\/wp-json\/wp\/v2\/pages\/29359\/revisions"}],"wp:attachment":[{"href":"https:\/\/oikoscasa.com\/de\/wp-json\/wp\/v2\/media?parent=29359"}],"curies":[{"name":"wp","href":"https:\/\/api.w.org\/{rel}","templated":true}]}}