{"id":7957,"date":"2023-09-25T19:25:24","date_gmt":"2023-09-25T17:25:24","guid":{"rendered":"https:\/\/oikoscasa.com\/dienstleistungen\/"},"modified":"2026-03-26T16:35:13","modified_gmt":"2026-03-26T15:35:13","slug":"dienstleistungen","status":"publish","type":"page","link":"https:\/\/oikoscasa.com\/de\/dienstleistungen\/","title":{"rendered":"Dienstleistungen"},"content":{"rendered":"\t\t<div data-elementor-type=\"wp-page\" data-elementor-id=\"7957\" class=\"elementor elementor-7957 elementor-1297\" data-elementor-settings=\"{&quot;ha_cmc_init_switcher&quot;:&quot;no&quot;}\" data-elementor-post-type=\"page\">\n\t\t\t\t<div class=\"elementor-element elementor-element-73eb856 e-con-full e-flex e-con e-parent\" data-id=\"73eb856\" data-element_type=\"container\" data-e-type=\"container\" data-settings=\"{&quot;background_background&quot;:&quot;classic&quot;,&quot;_ha_eqh_enable&quot;:false}\">\n\t\t\t\t<div class=\"elementor-element elementor-element-6bda860 elementor-widget elementor-widget-heading\" data-id=\"6bda860\" data-element_type=\"widget\" data-e-type=\"widget\" data-widget_type=\"heading.default\">\n\t\t\t\t\t<h1 class=\"elementor-heading-title elementor-size-default\">OIKOS Leistungen \u2013 Immobilienberatung<\/h1>\t\t\t\t<\/div>\n\t\t\t\t<\/div>\n\t\t<div class=\"elementor-element elementor-element-a1d7955 e-flex e-con-boxed e-con e-parent\" data-id=\"a1d7955\" data-element_type=\"container\" data-e-type=\"container\" data-settings=\"{&quot;_ha_eqh_enable&quot;:false}\">\n\t\t\t\t\t<div class=\"e-con-inner\">\n\t\t<div class=\"elementor-element elementor-element-d7b851e e-con-full e-flex e-con e-child\" data-id=\"d7b851e\" data-element_type=\"container\" data-e-type=\"container\" data-settings=\"{&quot;_ha_eqh_enable&quot;:false}\">\n\t\t\t\t<div class=\"elementor-element elementor-element-cc56e8c elementor-widget elementor-widget-eael-breadcrumbs\" data-id=\"cc56e8c\" data-element_type=\"widget\" data-e-type=\"widget\" data-widget_type=\"eael-breadcrumbs.default\">\n\t\t\t\t<div class=\"elementor-widget-container\">\n\t\t\t\t\t\t\t<div class=\"eael-breadcrumbs\">\n\t\t\t\t\t\t<div class=\"eael-breadcrumbs__prefix\">\n\t\t\t\t<a href=\"https:\/\/oikoscasa.com\/de\/\" class=\"eael-breadcrumbs__prefix-link\"><svg aria-hidden=\"true\" class=\"e-font-icon-svg e-fas-home\" viewBox=\"0 0 576 512\" xmlns=\"http:\/\/www.w3.org\/2000\/svg\"><path d=\"M280.37 148.26L96 300.11V464a16 16 0 0 0 16 16l112.06-.29a16 16 0 0 0 15.92-16V368a16 16 0 0 1 16-16h64a16 16 0 0 1 16 16v95.64a16 16 0 0 0 16 16.05L464 480a16 16 0 0 0 16-16V300L295.67 148.26a12.19 12.19 0 0 0-15.3 0zM571.6 251.47L488 182.56V44.05a12 12 0 0 0-12-12h-56a12 12 0 0 0-12 12v72.61L318.47 43a48 48 0 0 0-61 0L4.34 251.47a12 12 0 0 0-1.6 16.9l25.5 31A12 12 0 0 0 45.15 301l235.22-193.74a12.19 12.19 0 0 1 15.3 0L530.9 301a12 12 0 0 0 16.9-1.6l25.5-31a12 12 0 0 0-1.7-16.93z\"><\/path><\/svg><\/a>\t\t\t<\/a>\n\t\t\t<\/div>\n\t\t\t<div class=\"eael-breadcrumbs__content\"><a href=\"https:\/\/oikoscasa.com\/de\/\">Startseite<\/a> <span class=\"eael-breadcrumb-separator\">|<\/span> <span class = \"eael-current\">Seite<\/span><\/div>\t\t<\/div>\n\t\t\t\t\t\t<\/div>\n\t\t\t\t<\/div>\n\t\t\t\t<div class=\"elementor-element elementor-element-517e672 elementor-widget elementor-widget-spacer\" data-id=\"517e672\" data-element_type=\"widget\" data-e-type=\"widget\" data-widget_type=\"spacer.default\">\n\t\t\t\t\t\t\t<div class=\"elementor-spacer\">\n\t\t\t<div class=\"elementor-spacer-inner\"><\/div>\n\t\t<\/div>\n\t\t\t\t\t\t<\/div>\n\t\t\t\t<\/div>\n\t\t\t\t\t<\/div>\n\t\t\t\t<\/div>\n\t\t<div class=\"elementor-element elementor-element-1d8a697 e-flex e-con-boxed e-con e-parent\" data-id=\"1d8a697\" data-element_type=\"container\" data-e-type=\"container\" data-settings=\"{&quot;_ha_eqh_enable&quot;:false}\">\n\t\t\t\t\t<div class=\"e-con-inner\">\n\t\t\t\t<div class=\"elementor-element elementor-element-409dea0 elementor-widget elementor-widget-spacer\" data-id=\"409dea0\" data-element_type=\"widget\" data-e-type=\"widget\" data-widget_type=\"spacer.default\">\n\t\t\t\t\t\t\t<div class=\"elementor-spacer\">\n\t\t\t<div class=\"elementor-spacer-inner\"><\/div>\n\t\t<\/div>\n\t\t\t\t\t\t<\/div>\n\t\t\t\t<div class=\"elementor-element elementor-element-1113430 elementor-widget elementor-widget-heading\" data-id=\"1113430\" data-element_type=\"widget\" data-e-type=\"widget\" data-widget_type=\"heading.default\">\n\t\t\t\t\t<h2 class=\"elementor-heading-title elementor-size-default\">Immobilienberatung in Desenzano del Garda<\/h2>\t\t\t\t<\/div>\n\t\t\t\t\t<\/div>\n\t\t\t\t<\/div>\n\t\t<div class=\"elementor-element elementor-element-9c90457 e-flex e-con-boxed e-con e-parent\" data-id=\"9c90457\" data-element_type=\"container\" data-e-type=\"container\" data-settings=\"{&quot;_ha_eqh_enable&quot;:false}\">\n\t\t\t\t\t<div class=\"e-con-inner\">\n\t\t\t\t<div class=\"elementor-element elementor-element-8ddb249 elementor-widget elementor-widget-text-editor\" data-id=\"8ddb249\" data-element_type=\"widget\" data-e-type=\"widget\" data-widget_type=\"text-editor.default\">\n\t\t\t\t\t\t\t\t\t<p data-start=\"1317\" data-end=\"1631\"><strong>OIKOS ist Ihr Immobilienberater in Desenzano del Garda<\/strong>, spezialisiert auf den Kauf und Verkauf von Immobilien am Gardasee. Wir bieten einen umfassenden und pers\u00f6nlichen Service f\u00fcr alle, die <strong>Immobilien verkaufen, kaufen oder <a href=\"https:\/\/oikoscasa.com\/de\/neue-bauprojekte\/\">in Immobilien investieren<\/a> m\u00f6chten<\/strong>, mit einem Ansatz, der auf Kompetenz, Transparenz und Ortskenntnis basiert. <\/p><p data-start=\"1317\" data-end=\"1631\">Wir begleiten Sie in jeder Phase des Immobilienprozesses, von der ersten Bewertung bis zum Abschluss der Verhandlungen.<\/p>\t\t\t\t\t\t\t\t<\/div>\n\t\t\t\t\t<\/div>\n\t\t\t\t<\/div>\n\t\t<div class=\"elementor-element elementor-element-620ccf2 e-flex e-con-boxed e-con e-parent\" data-id=\"620ccf2\" data-element_type=\"container\" data-e-type=\"container\" data-settings=\"{&quot;_ha_eqh_enable&quot;:false}\">\n\t\t\t\t\t<div class=\"e-con-inner\">\n\t\t<div class=\"elementor-element elementor-element-a35223d e-con-full e-flex e-con e-child\" data-id=\"a35223d\" data-element_type=\"container\" data-e-type=\"container\" data-settings=\"{&quot;_ha_eqh_enable&quot;:false}\">\n\t\t\t\t<div class=\"elementor-element elementor-element-a7b0eb3 elementor-widget elementor-widget-image\" data-id=\"a7b0eb3\" data-element_type=\"widget\" data-e-type=\"widget\" data-widget_type=\"image.default\">\n\t\t\t\t\t\t\t\t\t\t\t\t\t\t\t<img decoding=\"async\" src=\"https:\/\/oikoscasa.com\/wp-content\/uploads\/elementor\/thumbs\/consulenza_tecnica-ritjt2ek1z27lf7huv30g4ygf9j41s2suzcxi78fls.png\" title=\"Technische Beratung\" alt=\"Technische Beratung\" loading=\"lazy\" \/>\t\t\t\t\t\t\t\t\t\t\t\t\t\t\t<\/div>\n\t\t\t\t<div class=\"elementor-element elementor-element-0d58036 elementor-widget elementor-widget-heading\" data-id=\"0d58036\" data-element_type=\"widget\" data-e-type=\"widget\" data-widget_type=\"heading.default\">\n\t\t\t\t\t<h3 class=\"elementor-heading-title elementor-size-default\">Technische Beratung<\/h3>\t\t\t\t<\/div>\n\t\t\t\t<div class=\"elementor-element elementor-element-9b7e2fa elementor-widget elementor-widget-text-editor\" data-id=\"9b7e2fa\" data-element_type=\"widget\" data-e-type=\"widget\" data-widget_type=\"text-editor.default\">\n\t\t\t\t\t\t\t\t\t<p>\u00dcberpr\u00fcfung der Stadtplanung und des Grundbuchs f\u00fcr einen reibungslosen Kauf oder Verkauf.<\/p>\t\t\t\t\t\t\t\t<\/div>\n\t\t\t\t<\/div>\n\t\t<div class=\"elementor-element elementor-element-72d6bb0 e-con-full e-flex e-con e-child\" data-id=\"72d6bb0\" data-element_type=\"container\" data-e-type=\"container\" data-settings=\"{&quot;_ha_eqh_enable&quot;:false}\">\n\t\t\t\t<div class=\"elementor-element elementor-element-7c4d263 elementor-widget elementor-widget-image\" data-id=\"7c4d263\" data-element_type=\"widget\" data-e-type=\"widget\" data-widget_type=\"image.default\">\n\t\t\t\t\t\t\t\t\t\t\t\t\t\t\t<img decoding=\"async\" src=\"https:\/\/oikoscasa.com\/wp-content\/uploads\/elementor\/thumbs\/consulenza_finanziaria-ritjt2ek1z27lf7huv30g4ygf9j41s2suzcxi78fls.png\" title=\"Finanzberatung\" alt=\"Finanzberatung\" loading=\"lazy\" \/>\t\t\t\t\t\t\t\t\t\t\t\t\t\t\t<\/div>\n\t\t\t\t<div class=\"elementor-element elementor-element-935fb5a elementor-widget elementor-widget-heading\" data-id=\"935fb5a\" data-element_type=\"widget\" data-e-type=\"widget\" data-widget_type=\"heading.default\">\n\t\t\t\t\t<h3 class=\"elementor-heading-title elementor-size-default\">Finanzielle Beratung<\/h3>\t\t\t\t<\/div>\n\t\t\t\t<div class=\"elementor-element elementor-element-41b03b1 elementor-widget elementor-widget-text-editor\" data-id=\"41b03b1\" data-element_type=\"widget\" data-e-type=\"widget\" data-widget_type=\"text-editor.default\">\n\t\t\t\t\t\t\t\t\t<p style=\"text-align: center;\">Unterst\u00fctzung bei der Wahl von Hypotheken- und Finanzierungsl\u00f6sungen.<\/p>\t\t\t\t\t\t\t\t<\/div>\n\t\t\t\t<\/div>\n\t\t<div class=\"elementor-element elementor-element-1748cf8 e-con-full e-flex e-con e-child\" data-id=\"1748cf8\" data-element_type=\"container\" data-e-type=\"container\" data-settings=\"{&quot;_ha_eqh_enable&quot;:false}\">\n\t\t\t\t<div class=\"elementor-element elementor-element-1bb65eb elementor-widget elementor-widget-image\" data-id=\"1bb65eb\" data-element_type=\"widget\" data-e-type=\"widget\" data-widget_type=\"image.default\">\n\t\t\t\t\t\t\t\t\t\t\t\t\t\t\t<img decoding=\"async\" src=\"https:\/\/oikoscasa.com\/wp-content\/uploads\/elementor\/thumbs\/valorizzazione_immobile-ritjt2ek1z27lf7huv30g4ygf9j41s2suzcxi78fls.png\" title=\"Immobilienaufwertung\" alt=\"Immobilienaufwertung\" loading=\"lazy\" \/>\t\t\t\t\t\t\t\t\t\t\t\t\t\t\t<\/div>\n\t\t\t\t<div class=\"elementor-element elementor-element-70f5a0b elementor-widget elementor-widget-heading\" data-id=\"70f5a0b\" data-element_type=\"widget\" data-e-type=\"widget\" data-widget_type=\"heading.default\">\n\t\t\t\t\t<h3 class=\"elementor-heading-title elementor-size-default\">Immobilienentwicklung<\/h3>\t\t\t\t<\/div>\n\t\t\t\t<div class=\"elementor-element elementor-element-5ed3f24 elementor-widget elementor-widget-text-editor\" data-id=\"5ed3f24\" data-element_type=\"widget\" data-e-type=\"widget\" data-widget_type=\"text-editor.default\">\n\t\t\t\t\t\t\t\t\t<p style=\"text-align: center;\">Tipps zum Home Staging und zur Neugestaltung, um die Attraktivit\u00e4t Ihrer Immobilie zu steigern.<\/p>\t\t\t\t\t\t\t\t<\/div>\n\t\t\t\t<\/div>\n\t\t\t\t\t<\/div>\n\t\t\t\t<\/div>\n\t\t<div class=\"elementor-element elementor-element-5abd9a7 e-flex e-con-boxed e-con e-parent\" data-id=\"5abd9a7\" data-element_type=\"container\" data-e-type=\"container\" data-settings=\"{&quot;_ha_eqh_enable&quot;:false}\">\n\t\t\t\t\t<div class=\"e-con-inner\">\n\t\t\t\t<div class=\"elementor-element elementor-element-cf6a055 elementor-button-info elementor-align-center elementor-widget elementor-widget-button\" data-id=\"cf6a055\" data-element_type=\"widget\" data-e-type=\"widget\" data-widget_type=\"button.default\">\n\t\t\t\t\t\t\t\t\t\t<a class=\"elementor-button elementor-button-link elementor-size-sm\" href=\"https:\/\/oikoscasa.com\/de\/kontakt\/\">\n\t\t\t\t\t\t<span class=\"elementor-button-content-wrapper\">\n\t\t\t\t\t\t\t\t\t<span class=\"elementor-button-text\">PERS\u00d6NLICHE BERATUNG ANFORDERN<\/span>\n\t\t\t\t\t<\/span>\n\t\t\t\t\t<\/a>\n\t\t\t\t\t\t\t\t<\/div>\n\t\t\t\t<div class=\"elementor-element elementor-element-84321f9 elementor-widget elementor-widget-spacer\" data-id=\"84321f9\" data-element_type=\"widget\" data-e-type=\"widget\" data-widget_type=\"spacer.default\">\n\t\t\t\t\t\t\t<div class=\"elementor-spacer\">\n\t\t\t<div class=\"elementor-spacer-inner\"><\/div>\n\t\t<\/div>\n\t\t\t\t\t\t<\/div>\n\t\t\t\t\t<\/div>\n\t\t\t\t<\/div>\n\t\t<div class=\"elementor-element elementor-element-0b3e881 e-flex e-con-boxed e-con e-parent\" data-id=\"0b3e881\" data-element_type=\"container\" data-e-type=\"container\" data-settings=\"{&quot;_ha_eqh_enable&quot;:false}\">\n\t\t\t\t\t<div class=\"e-con-inner\">\n\t\t<div class=\"elementor-element elementor-element-0989671 e-con-full e-flex e-con e-child\" data-id=\"0989671\" data-element_type=\"container\" data-e-type=\"container\" data-settings=\"{&quot;_ha_eqh_enable&quot;:false}\">\n\t\t\t\t<div class=\"elementor-element elementor-element-4252ecc elementor-widget elementor-widget-spacer\" data-id=\"4252ecc\" data-element_type=\"widget\" data-e-type=\"widget\" data-widget_type=\"spacer.default\">\n\t\t\t\t\t\t\t<div class=\"elementor-spacer\">\n\t\t\t<div class=\"elementor-spacer-inner\"><\/div>\n\t\t<\/div>\n\t\t\t\t\t\t<\/div>\n\t\t\t\t<div class=\"elementor-element elementor-element-1f2b37d elementor-widget elementor-widget-heading\" data-id=\"1f2b37d\" data-element_type=\"widget\" data-e-type=\"widget\" data-widget_type=\"heading.default\">\n\t\t\t\t\t<h3 class=\"elementor-heading-title elementor-size-default\">Ihr Immobilienweg,\nSchritt f\u00fcr Schritt<\/h3>\t\t\t\t<\/div>\n\t\t\t\t<div class=\"elementor-element elementor-element-d1eec4b elementor-widget elementor-widget-text-editor\" data-id=\"d1eec4b\" data-element_type=\"widget\" data-e-type=\"widget\" data-widget_type=\"text-editor.default\">\n\t\t\t\t\t\t\t\t\t<p style=\"text-align: left;\">OIKOS begleitet Sie mit Professionalit\u00e4t und pers\u00f6nlicher Aufmerksamkeit in jeder Phase des Kauf- und Verkaufsprozesses.<br>Ortskenntnis, Transparenz und fortschrittliche digitale Tools erm\u00f6glichen es uns, den Wert Ihrer Immobilie zu steigern und Sie zur richtigen L\u00f6sung zu f\u00fchren.<\/p>\t\t\t\t\t\t\t\t<\/div>\n\t\t\t\t<\/div>\n\t\t<div class=\"elementor-element elementor-element-1061712 e-con-full e-flex e-con e-child\" data-id=\"1061712\" data-element_type=\"container\" data-e-type=\"container\" data-settings=\"{&quot;background_background&quot;:&quot;classic&quot;,&quot;_ha_eqh_enable&quot;:false}\">\n\t\t\t\t<\/div>\n\t\t\t\t\t<\/div>\n\t\t\t\t<\/div>\n\t\t<div class=\"elementor-element elementor-element-916d985 e-flex e-con-boxed e-con e-parent\" data-id=\"916d985\" data-element_type=\"container\" data-e-type=\"container\" data-settings=\"{&quot;_ha_eqh_enable&quot;:false}\">\n\t\t\t\t\t<div class=\"e-con-inner\">\n\t\t<div class=\"elementor-element elementor-element-b23ba6f e-con-full e-flex e-con e-child\" data-id=\"b23ba6f\" data-element_type=\"container\" data-e-type=\"container\" data-settings=\"{&quot;_ha_eqh_enable&quot;:false}\">\n\t\t\t\t<div class=\"elementor-element elementor-element-b404b36 elementor-widget elementor-widget-spacer\" data-id=\"b404b36\" data-element_type=\"widget\" data-e-type=\"widget\" data-widget_type=\"spacer.default\">\n\t\t\t\t\t\t\t<div class=\"elementor-spacer\">\n\t\t\t<div class=\"elementor-spacer-inner\"><\/div>\n\t\t<\/div>\n\t\t\t\t\t\t<\/div>\n\t\t\t\t<div class=\"elementor-element elementor-element-312e801 elementor-widget elementor-widget-heading\" data-id=\"312e801\" data-element_type=\"widget\" data-e-type=\"widget\" data-widget_type=\"heading.default\">\n\t\t\t\t\t<h2 class=\"elementor-heading-title elementor-size-default\">F\u00fcr diejenigen, die verkaufen<\/h2>\t\t\t\t<\/div>\n\t\t\t\t<div class=\"elementor-element elementor-element-11330ff elementor-widget elementor-widget-text-editor\" data-id=\"11330ff\" data-element_type=\"widget\" data-e-type=\"widget\" data-widget_type=\"text-editor.default\">\n\t\t\t\t\t\t\t\t\t<ul><li style=\"text-align: left;\"><strong>Genaue Bewertung<\/strong><\/li><\/ul><p style=\"text-align: left; padding-left: 40px;\">Realistische und transparente Sch\u00e4tzungen auf der Grundlage des lokalen Marktes am Gardasee.<\/p><ul><li style=\"text-align: left;\"><strong>Engagiertes Marketing<\/strong><\/li><\/ul><p style=\"text-align: left; padding-left: 40px;\">Professionelle Fotos, emotionale Videos, gezielte Anzeigen und digitale Kampagnen.<\/p><ul><li style=\"text-align: left;\"><strong>Verhandlungsmanagement<\/strong><\/li><\/ul><p style=\"text-align: left; padding-left: 40px;\">Auswahl von K\u00e4ufern, klare Verhandlung und Unterst\u00fctzung bis zum Kaufvertrag.<\/p>\t\t\t\t\t\t\t\t<\/div>\n\t\t\t\t<div class=\"elementor-element elementor-element-fb9e39a elementor-button-info elementor-align-center elementor-widget elementor-widget-button\" data-id=\"fb9e39a\" data-element_type=\"widget\" data-e-type=\"widget\" data-widget_type=\"button.default\">\n\t\t\t\t\t\t\t\t\t\t<a class=\"elementor-button elementor-button-link elementor-size-sm\" href=\"https:\/\/oikoscasa.com\/de\/verkaufen\/\">\n\t\t\t\t\t\t<span class=\"elementor-button-content-wrapper\">\n\t\t\t\t\t\t\t\t\t<span class=\"elementor-button-text\">VERKAUFEN SIE IHRE IMMOBILIE<\/span>\n\t\t\t\t\t<\/span>\n\t\t\t\t\t<\/a>\n\t\t\t\t\t\t\t\t<\/div>\n\t\t\t\t<div class=\"elementor-element elementor-element-d17231f elementor-widget elementor-widget-spacer\" data-id=\"d17231f\" data-element_type=\"widget\" data-e-type=\"widget\" data-widget_type=\"spacer.default\">\n\t\t\t\t\t\t\t<div class=\"elementor-spacer\">\n\t\t\t<div class=\"elementor-spacer-inner\"><\/div>\n\t\t<\/div>\n\t\t\t\t\t\t<\/div>\n\t\t\t\t<\/div>\n\t\t<div class=\"elementor-element elementor-element-ed63fba e-con-full e-flex e-con e-child\" data-id=\"ed63fba\" data-element_type=\"container\" data-e-type=\"container\" data-settings=\"{&quot;background_background&quot;:&quot;classic&quot;,&quot;_ha_eqh_enable&quot;:false}\">\n\t\t\t\t<\/div>\n\t\t\t\t\t<\/div>\n\t\t\t\t<\/div>\n\t\t<div class=\"elementor-element elementor-element-bc34e48 e-flex e-con-boxed e-con e-parent\" data-id=\"bc34e48\" data-element_type=\"container\" data-e-type=\"container\" data-settings=\"{&quot;_ha_eqh_enable&quot;:false}\">\n\t\t\t\t\t<div class=\"e-con-inner\">\n\t\t<div class=\"elementor-element elementor-element-60b1de4 e-con-full e-flex e-con e-child\" data-id=\"60b1de4\" data-element_type=\"container\" data-e-type=\"container\" data-settings=\"{&quot;_ha_eqh_enable&quot;:false}\">\n\t\t\t\t<div class=\"elementor-element elementor-element-1bf1ac6 elementor-widget elementor-widget-spacer\" data-id=\"1bf1ac6\" data-element_type=\"widget\" data-e-type=\"widget\" data-widget_type=\"spacer.default\">\n\t\t\t\t\t\t\t<div class=\"elementor-spacer\">\n\t\t\t<div class=\"elementor-spacer-inner\"><\/div>\n\t\t<\/div>\n\t\t\t\t\t\t<\/div>\n\t\t\t\t<div class=\"elementor-element elementor-element-3a3cbc7 elementor-widget elementor-widget-heading\" data-id=\"3a3cbc7\" data-element_type=\"widget\" data-e-type=\"widget\" data-widget_type=\"heading.default\">\n\t\t\t\t\t<h2 class=\"elementor-heading-title elementor-size-default\">F\u00fcr diejenigen, die kaufen<\/h2>\t\t\t\t<\/div>\n\t\t\t\t<div class=\"elementor-element elementor-element-5a21557 elementor-widget elementor-widget-text-editor\" data-id=\"5a21557\" data-element_type=\"widget\" data-e-type=\"widget\" data-widget_type=\"text-editor.default\">\n\t\t\t\t\t\t\t\t\t<ul><li style=\"text-align: left;\"><strong>Benutzerdefinierte Suche<\/strong><\/li><\/ul><p style=\"text-align: left; padding-left: 40px;\">Gezielte Vorschl\u00e4ge auf der Grundlage Ihrer Bed\u00fcrfnisse und Ihres Lebensstils.<\/p><ul><li style=\"text-align: left;\"><strong>Transparente Beratung<\/strong><\/li><\/ul><p style=\"text-align: left; padding-left: 40px;\">Klare Informationen zu jeder Immobilie, ohne \u00dcberraschungen.<\/p><ul><li style=\"text-align: left;\"><strong>Sicherer Kauf<\/strong><\/li><\/ul><p style=\"text-align: left; padding-left: 40px;\">Umfassende technische und rechtliche Unterst\u00fctzung bis zur Unterzeichnung.<\/p>\t\t\t\t\t\t\t\t<\/div>\n\t\t\t\t<div class=\"elementor-element elementor-element-2ab174b elementor-button-info elementor-align-center elementor-widget elementor-widget-button\" data-id=\"2ab174b\" data-element_type=\"widget\" data-e-type=\"widget\" data-widget_type=\"button.default\">\n\t\t\t\t\t\t\t\t\t\t<a class=\"elementor-button elementor-button-link elementor-size-sm\" href=\"https:\/\/oikoscasa.com\/de\/eigenschaften\/\">\n\t\t\t\t\t\t<span class=\"elementor-button-content-wrapper\">\n\t\t\t\t\t\t\t\t\t<span class=\"elementor-button-text\">FINDEN SIE IHR ZUHAUSE<\/span>\n\t\t\t\t\t<\/span>\n\t\t\t\t\t<\/a>\n\t\t\t\t\t\t\t\t<\/div>\n\t\t\t\t<div class=\"elementor-element elementor-element-4424bdd elementor-widget elementor-widget-spacer\" data-id=\"4424bdd\" data-element_type=\"widget\" data-e-type=\"widget\" data-widget_type=\"spacer.default\">\n\t\t\t\t\t\t\t<div class=\"elementor-spacer\">\n\t\t\t<div class=\"elementor-spacer-inner\"><\/div>\n\t\t<\/div>\n\t\t\t\t\t\t<\/div>\n\t\t\t\t<\/div>\n\t\t<div class=\"elementor-element elementor-element-e54e23b e-con-full e-flex e-con e-child\" data-id=\"e54e23b\" data-element_type=\"container\" data-e-type=\"container\" data-settings=\"{&quot;background_background&quot;:&quot;classic&quot;,&quot;_ha_eqh_enable&quot;:false}\">\n\t\t\t\t<\/div>\n\t\t\t\t\t<\/div>\n\t\t\t\t<\/div>\n\t\t<div class=\"elementor-element elementor-element-cce15c3 e-flex e-con-boxed e-con e-parent\" data-id=\"cce15c3\" data-element_type=\"container\" data-e-type=\"container\" data-settings=\"{&quot;_ha_eqh_enable&quot;:false}\">\n\t\t\t\t\t<div class=\"e-con-inner\">\n\t\t\t\t<div class=\"elementor-element elementor-element-d261d83 elementor-widget elementor-widget-spacer\" data-id=\"d261d83\" data-element_type=\"widget\" data-e-type=\"widget\" data-widget_type=\"spacer.default\">\n\t\t\t\t\t\t\t<div class=\"elementor-spacer\">\n\t\t\t<div class=\"elementor-spacer-inner\"><\/div>\n\t\t<\/div>\n\t\t\t\t\t\t<\/div>\n\t\t\t\t<div class=\"elementor-element elementor-element-fb81ea0 elementor-widget elementor-widget-heading\" data-id=\"fb81ea0\" data-element_type=\"widget\" data-e-type=\"widget\" data-widget_type=\"heading.default\">\n\t\t\t\t\t<h2 class=\"elementor-heading-title elementor-size-default\">Warum Sie einen Immobilienberater in Desenzano w\u00e4hlen sollten<\/h2>\t\t\t\t<\/div>\n\t\t\t\t\t<\/div>\n\t\t\t\t<\/div>\n\t\t<div class=\"elementor-element elementor-element-93ebfdd e-flex e-con-boxed e-con e-parent\" data-id=\"93ebfdd\" data-element_type=\"container\" data-e-type=\"container\" data-settings=\"{&quot;_ha_eqh_enable&quot;:false}\">\n\t\t\t\t\t<div class=\"e-con-inner\">\n\t\t\t\t<div class=\"elementor-element elementor-element-85a178c elementor-widget elementor-widget-text-editor\" data-id=\"85a178c\" data-element_type=\"widget\" data-e-type=\"widget\" data-widget_type=\"text-editor.default\">\n\t\t\t\t\t\t\t\t\t<p data-start=\"3652\" data-end=\"3821\">Sich einem <strong>Immobilienberater in Desenzano del Garda<\/strong> anzuvertrauen bedeutet, professionelle Unterst\u00fctzung in einem <strong>dynamischen und wettbewerbsintensiven Markt<\/strong> wie dem des Gardasees zu erhalten.<\/p><p data-start=\"3823\" data-end=\"4003\">Dank der Ortskenntnis und fortschrittlicher Marketinginstrumente ist OIKOS in der Lage, jede Immobilie aufzuwerten und Sie zur am besten f\u00fcr Ihre Bed\u00fcrfnisse geeigneten L\u00f6sung zu f\u00fchren.<\/p>\t\t\t\t\t\t\t\t<\/div>\n\t\t\t\t\t<\/div>\n\t\t\t\t<\/div>\n\t\t<div class=\"elementor-element elementor-element-2f82d3e e-flex e-con-boxed e-con e-parent\" data-id=\"2f82d3e\" data-element_type=\"container\" data-e-type=\"container\" data-settings=\"{&quot;_ha_eqh_enable&quot;:false}\">\n\t\t\t\t\t<div class=\"e-con-inner\">\n\t\t\t\t<div class=\"elementor-element elementor-element-4c78d40 elementor-button-info elementor-align-center elementor-widget elementor-widget-button\" data-id=\"4c78d40\" data-element_type=\"widget\" data-e-type=\"widget\" data-widget_type=\"button.default\">\n\t\t\t\t\t\t\t\t\t\t<a class=\"elementor-button elementor-button-link elementor-size-sm\" href=\"https:\/\/oikoscasa.com\/de\/kontakt\/\">\n\t\t\t\t\t\t<span class=\"elementor-button-content-wrapper\">\n\t\t\t\t\t\t\t\t\t<span class=\"elementor-button-text\">PERS\u00d6NLICHE BERATUNG ANFORDERN<\/span>\n\t\t\t\t\t<\/span>\n\t\t\t\t\t<\/a>\n\t\t\t\t\t\t\t\t<\/div>\n\t\t\t\t<div class=\"elementor-element elementor-element-aee0e12 elementor-widget elementor-widget-spacer\" data-id=\"aee0e12\" data-element_type=\"widget\" data-e-type=\"widget\" data-widget_type=\"spacer.default\">\n\t\t\t\t\t\t\t<div class=\"elementor-spacer\">\n\t\t\t<div class=\"elementor-spacer-inner\"><\/div>\n\t\t<\/div>\n\t\t\t\t\t\t<\/div>\n\t\t\t\t\t<\/div>\n\t\t\t\t<\/div>\n\t\t\t\t<\/div>\n\t\t","protected":false},"excerpt":{"rendered":"<p>OIKOS Leistungen \u2013 Immobilienberatung Startseite | Immobilienberatung in Desenzano del Garda OIKOS ist Ihr Immobilienberater in Desenzano del Garda, spezialisiert auf den Kauf und Verkauf von Immobilien am Gardasee. Wir bieten einen umfassenden und pers\u00f6nlichen Service f\u00fcr alle, die Immobilien verkaufen, kaufen oder in Immobilien investieren m\u00f6chten, mit einem Ansatz, der auf Kompetenz, Transparenz und [&hellip;]<\/p>\n","protected":false},"author":1,"featured_media":0,"parent":0,"menu_order":0,"comment_status":"closed","ping_status":"closed","template":"","meta":{"footnotes":""},"class_list":["post-7957","page","type-page","status-publish","hentry"],"_links":{"self":[{"href":"https:\/\/oikoscasa.com\/de\/wp-json\/wp\/v2\/pages\/7957","targetHints":{"allow":["GET"]}}],"collection":[{"href":"https:\/\/oikoscasa.com\/de\/wp-json\/wp\/v2\/pages"}],"about":[{"href":"https:\/\/oikoscasa.com\/de\/wp-json\/wp\/v2\/types\/page"}],"author":[{"embeddable":true,"href":"https:\/\/oikoscasa.com\/de\/wp-json\/wp\/v2\/users\/1"}],"replies":[{"embeddable":true,"href":"https:\/\/oikoscasa.com\/de\/wp-json\/wp\/v2\/comments?post=7957"}],"version-history":[{"count":0,"href":"https:\/\/oikoscasa.com\/de\/wp-json\/wp\/v2\/pages\/7957\/revisions"}],"wp:attachment":[{"href":"https:\/\/oikoscasa.com\/de\/wp-json\/wp\/v2\/media?parent=7957"}],"curies":[{"name":"wp","href":"https:\/\/api.w.org\/{rel}","templated":true}]}}